{"id":9000,"date":"2023-12-11T08:58:45","date_gmt":"2023-12-11T07:58:45","guid":{"rendered":"https:\/\/non-stopshop.eu\/hr\/?post_type=product&#038;p=9000"},"modified":"2023-12-11T12:13:44","modified_gmt":"2023-12-11T11:13:44","slug":"enzimsko-sredstvo-za-uklanjanje-mrlja","status":"publish","type":"product","link":"https:\/\/non-stopshop.eu\/hr\/proizvod\/enzimsko-sredstvo-za-uklanjanje-mrlja\/","title":{"rendered":"Enzimsko sredstvo za uklanjanje mrlja"},"content":{"rendered":"","protected":false},"excerpt":{"rendered":"<p>Rije\u0161ite se svih dosadnih tvrdokornih mrlja na va\u0161oj odje\u0107i u samo par minuta!<\/p>\n","protected":false},"featured_media":9007,"comment_status":"closed","ping_status":"closed","template":"","meta":{"inline_featured_image":false},"product_brand":[],"product_cat":[15,27],"product_tag":[],"class_list":{"0":"post-9000","1":"product","2":"type-product","3":"status-publish","4":"has-post-thumbnail","6":"product_cat-uncategorized","7":"product_cat-home","9":"first","10":"instock","11":"sale","12":"taxable","13":"shipping-taxable","14":"purchasable","15":"product-type-simple"},"acf":[],"_links":{"self":[{"href":"https:\/\/non-stopshop.eu\/hr\/wp-json\/wp\/v2\/product\/9000","targetHints":{"allow":["GET"]}}],"collection":[{"href":"https:\/\/non-stopshop.eu\/hr\/wp-json\/wp\/v2\/product"}],"about":[{"href":"https:\/\/non-stopshop.eu\/hr\/wp-json\/wp\/v2\/types\/product"}],"replies":[{"embeddable":true,"href":"https:\/\/non-stopshop.eu\/hr\/wp-json\/wp\/v2\/comments?post=9000"}],"wp:featuredmedia":[{"embeddable":true,"href":"https:\/\/non-stopshop.eu\/hr\/wp-json\/wp\/v2\/media\/9007"}],"wp:attachment":[{"href":"https:\/\/non-stopshop.eu\/hr\/wp-json\/wp\/v2\/media?parent=9000"}],"wp:term":[{"taxonomy":"product_brand","embeddable":true,"href":"https:\/\/non-stopshop.eu\/hr\/wp-json\/wp\/v2\/product_brand?post=9000"},{"taxonomy":"product_cat","embeddable":true,"href":"https:\/\/non-stopshop.eu\/hr\/wp-json\/wp\/v2\/product_cat?post=9000"},{"taxonomy":"product_tag","embeddable":true,"href":"https:\/\/non-stopshop.eu\/hr\/wp-json\/wp\/v2\/product_tag?post=9000"}],"curies":[{"name":"wp","href":"https:\/\/api.w.org\/{rel}","templated":true}]}}