{"id":102,"date":"2020-10-28T10:57:38","date_gmt":"2020-10-28T10:57:38","guid":{"rendered":"https:\/\/shopium.eu\/rs\/?page_id=102"},"modified":"2022-03-29T08:57:16","modified_gmt":"2022-03-29T06:57:16","slug":"reklamaciok-es-cserek","status":"publish","type":"page","link":"https:\/\/non-stopshop.eu\/hu\/reklamaciok-es-cserek\/","title":{"rendered":"Reklam\u00e1ci\u00f3k \u00e9s cser\u00e9k"},"content":{"rendered":"<p><strong>REKLAM\u00c1CI\u00d3 \u00c9S \u00c1RUCSERE<\/strong><br \/>\n<strong>Reklam\u00e1ci\u00f3<\/strong><br \/>\nAbban az esetben, ha panasza lenne a term\u00e9keinkkel vagy szolg\u00e1ltat\u00e1sainkkal kapcsolatban, forduljon hozz\u00e1nk bizalommal (hu@non-stopshop.eu). Biztos lehet benne, hogy k\u00e9szen \u00e1llunk b\u00e1rmilyen felmer\u00fcl\u0151 probl\u00e9ma megold\u00e1s\u00e1ra. A b\u0151rrel, fogakkal vagy intim testr\u00e9szekkel k\u00f6zvetlen\u00fcl \u00e9rintkez\u0151 term\u00e9kekre nem fogadunk el reklam\u00e1ci\u00f3t. Tov\u00e1bb\u00e1 a felhaszn\u00e1l\u00e1s egy\u00e9rtelm\u0171 nyomaival rendelkez\u0151 term\u00e9kekre sem \u00e1ll m\u00f3dunkban reklam\u00e1ci\u00f3t elfogadni!<br \/>\n<strong>P\u00e9nzvisszat\u00e9r\u00edt\u00e9s \u00e9s \u00e1r\u00facsere<\/strong><br \/>\nA term\u00e9k megv\u00e1s\u00e1rl\u00e1s\u00e1t\u00f3l sz\u00e1m\u00edtott 14 napon bel\u00fcl lehet\u0151s\u00e9ge van a megv\u00e1s\u00e1rolt term\u00e9kek cser\u00e9j\u00e9re. A term\u00e9ket kicser\u00e9lheti m\u00e1sik term\u00e9kre, vagy k\u00e9rheti a term\u00e9k \u00e1r\u00e1nak visszat\u00e9r\u00edt\u00e9s\u00e9t.<br \/>\nA cser\u00e9lni k\u00edv\u00e1nt term\u00e9knek s\u00e9r\u00fcl\u00e9st\u0151l mentesnek kell lennie, tov\u00e1bb\u00e1 az eredeti \u00e9s s\u00e9rtetlen csomagol\u00e1sban, az \u00f6sszes mell\u00e9kelt eszk\u00f6zzel egy\u00fctt kell visszak\u00fcldeni. E<strong>llenkez\u0151 esetben a reklam\u00e1ci\u00f3 elutas\u00edt\u00e1sra ker\u00fcl vagy csup\u00e1n r\u00e9szben lesz megoldva!<\/strong><br \/>\nA csomag \u00e1tv\u00e9tele ut\u00e1n 14 napon bel\u00fcl \u00edr\u00e1sban \u00e9rtes\u00edthet minket e-mailben (hu@non-stopshop.eu), hogy el\u00e1ll a szerz\u0151d\u00e9st\u0151l, tov\u00e1bb\u00e1 k\u00fcldje el adatait, valamint a sz\u00e1ll\u00edtm\u00e1ny sz\u00e1m\u00e1t, vagy az \u00e1ltalunk ki\u00e1ll\u00edtott elektronikus sz\u00e1ml\u00e1t amit a v\u00e1s\u00e1rl\u00e1s alkalm\u00e1val k\u00fcld\u00fcnk \u00d6nnek e-mail c\u00edm\u00e9re, hogy azonos\u00edtani tudjuk megrendel\u00e9s\u00e9t. Id\u0151k\u00f6zben itt lehet\u0151s\u00e9ge van kit\u00f6lteni a reklam\u00e1ci\u00f3s \u0171rlapot \u00e9s 14 napon bel\u00fcl k\u00fcldje vissza a term\u00e9ket a c\u00edm\u00fcnkre: (&#8230;)<\/p>\n<p data-pm-slice=\"1 1 []\"><strong>ECTCEU d.o.o., Kamni\u0161ka cesta 24, 1235 Radomlje, Slovenia<\/strong><\/p>\n<p><strong>A reklam\u00e1ci\u00f3 beny\u00fajt\u00e1s\u00e1ra vagy az \u00e1rucsere ig\u00e9nyl\u00e9s\u00e9re haszn\u00e1latos e-mail c\u00edm:<\/strong> hu@non-stopshop.eu<br \/>\n<strong>A visszak\u00fcld\u00f6tt csomag k\u00e9zhezv\u00e9tele ut\u00e1n t\u00e9r\u00edtj\u00fck vissza a p\u00e9nzt!\u00a0<\/strong><br \/>\nTerm\u00e9kcsere \u0171rlap: <a href=\"https:\/\/bit.ly\/2Yw5mZv\">https:\/\/bit.ly\/<\/a><br \/>\nVisszat\u00e9r\u00edt\u00e9si \u0171rlap: <a href=\"https:\/\/bit.ly\/2Vacicn\">https:\/\/bit.ly\/<\/a><br \/>\n<strong>Megjegyz\u00e9sek:<\/strong><br \/>\nA k\u00fcldem\u00e9ny postak\u00f6lts\u00e9g\u00e9t a felad\u00f3 viseli. Postak\u00f6lts\u00e9ggel terhelt k\u00fcldem\u00e9nyeket nem \u00e1ll m\u00f3dunkban elfogadni!<br \/>\nAmennyiben a k\u00fcldem\u00e9ny be\u00e9rkez\u00e9s\u00e9t\u0151l sz\u00e1m\u00edtott 14 napon bel\u00fcl nem t\u00f6lti ki az el\u00e1ll\u00e1si \u0171rlapot, a term\u00e9k \u00e1r\u00e1nak visszat\u00e9r\u00edt\u00e9se vagy cser\u00e9je nem lehets\u00e9ges!<br \/>\nA csomag \u00e1tv\u00e9tel\u00e9t\u0151l sz\u00e1m\u00edtott 8 munkanapon bel\u00fcl cser\u00e9lj\u00fck ki a term\u00e9ket, vagy t\u00e9r\u00edtj\u00fck vissza a p\u00e9nzt.<\/p>\n","protected":false},"excerpt":{"rendered":"<p>REKLAM\u00c1CI\u00d3 \u00c9S \u00c1RUCSERE Reklam\u00e1ci\u00f3 Abban az esetben, ha panasza lenne a term\u00e9keinkkel vagy szolg\u00e1ltat\u00e1sainkkal kapcsolatban, forduljon hozz\u00e1nk bizalommal (hu@non-stopshop.eu). Biztos lehet benne, hogy k\u00e9szen \u00e1llunk b\u00e1rmilyen felmer\u00fcl\u0151 probl\u00e9ma megold\u00e1s\u00e1ra. A b\u0151rrel, fogakkal vagy intim testr\u00e9szekkel k\u00f6zvetlen\u00fcl \u00e9rintkez\u0151 term\u00e9kekre nem fogadunk el reklam\u00e1ci\u00f3t. Tov\u00e1bb\u00e1 a felhaszn\u00e1l\u00e1s egy\u00e9rtelm\u0171 nyomaival rendelkez\u0151 term\u00e9kekre sem \u00e1ll m\u00f3dunkban reklam\u00e1ci\u00f3t elfogadni! P\u00e9nzvisszat\u00e9r\u00edt\u00e9s &hellip; <a href=\"https:\/\/non-stopshop.eu\/hu\/reklamaciok-es-cserek\/\">Continued<\/a><\/p>\n","protected":false},"author":1,"featured_media":0,"parent":0,"menu_order":0,"comment_status":"closed","ping_status":"closed","template":"","meta":{"inline_featured_image":false,"footnotes":""},"class_list":["post-102","page","type-page","status-publish","hentry"],"acf":[],"_links":{"self":[{"href":"https:\/\/non-stopshop.eu\/hu\/wp-json\/wp\/v2\/pages\/102","targetHints":{"allow":["GET"]}}],"collection":[{"href":"https:\/\/non-stopshop.eu\/hu\/wp-json\/wp\/v2\/pages"}],"about":[{"href":"https:\/\/non-stopshop.eu\/hu\/wp-json\/wp\/v2\/types\/page"}],"author":[{"embeddable":true,"href":"https:\/\/non-stopshop.eu\/hu\/wp-json\/wp\/v2\/users\/1"}],"replies":[{"embeddable":true,"href":"https:\/\/non-stopshop.eu\/hu\/wp-json\/wp\/v2\/comments?post=102"}],"version-history":[{"count":13,"href":"https:\/\/non-stopshop.eu\/hu\/wp-json\/wp\/v2\/pages\/102\/revisions"}],"predecessor-version":[{"id":2722,"href":"https:\/\/non-stopshop.eu\/hu\/wp-json\/wp\/v2\/pages\/102\/revisions\/2722"}],"wp:attachment":[{"href":"https:\/\/non-stopshop.eu\/hu\/wp-json\/wp\/v2\/media?parent=102"}],"curies":[{"name":"wp","href":"https:\/\/api.w.org\/{rel}","templated":true}]}}