{"id":104,"date":"2020-10-28T10:57:46","date_gmt":"2020-10-28T10:57:46","guid":{"rendered":"https:\/\/shopium.eu\/rs\/?page_id=104"},"modified":"2021-01-08T16:53:33","modified_gmt":"2021-01-08T15:53:33","slug":"rolunk","status":"publish","type":"page","link":"https:\/\/non-stopshop.eu\/hu\/rolunk\/","title":{"rendered":"R\u00f3lunk"},"content":{"rendered":"<p><strong>Ir\u00e1nyelv\u00fcnk a M\u00c1RKA prizm\u00e1j\u00e1n kereszt\u00fcl &#8211; kik vagyunk \u00e9s mi\u00e9rt maradtunk fenn ilyen sok ideig?<\/strong><\/p>\n<p>Napjaink gyors \u00e9letst\u00edlusa mellett, minden \u00fczlet a lehet\u0151 legnagyobb profit el\u00e9r\u00e9se c\u00e9lj\u00e1val m\u0171k\u00f6dik. Azonban a vil\u00e1gban fen\u00e1ll\u00f3 mindennapi v\u00e1ltoz\u00e1sok miatt ezen is t\u00fal kell l\u00e9pni, hiszen imm\u00e1ron nem elegend\u0151 csup\u00e1n az egyik oldal c\u00e9ljainak, azaz a profitnak az el\u00e9r\u00e9se.<br \/>\nN\u00e9ha, a legjobb amit tehet\u00fcnk, hogy m\u00e1s szemsz\u00f6gb\u0151l is megn\u00e9zz\u00fck a dolgokat, tov\u00e1bb\u00e1 sokszor realisztikusabb is, annak \u00e9rdek\u00e9ben hogy r\u00e1j\u00f6jj\u00fcnk mi sz\u00fcks\u00e9ges ahhoz, hogy a k\u00f6vetkez\u0151 l\u00e9pcs\u0151re l\u00e9pj\u00fcnk. Ez \u00e1ltal vez\u00e9relve, m\u00e9g 2018-ban megkezdt\u00fck az emberek v\u00e9lem\u00e9ny\u00e9nek felm\u00e9r\u00e9s\u00e9t, annak \u00e9rdek\u00e9ben, hogy megtudjuk mi az amire sz\u00fcks\u00e9g\u00fck van a mindennapokban \u00e9s ahhoz tudjuk igaz\u00edtani \u00fczleti modell\u00fcnket.<\/p>\n<p>&nbsp;<\/p>\n<p><strong>C\u00e9lunk:<\/strong><\/p>\n<p>A glob\u00e1lis internetpiac megsz\u00e1ml\u00e1lhatatlan term\u00e9kkel van el\u00e1rasztva, amely k\u00fcl\u00f6nb\u00f6z\u0151 oldalakon el\u00e9rhet\u0151, a rendel\u00e9s\u00fck pedig \u00f6sszetett \u00e9s probl\u00e9m\u00e1s ami miatt az emberek tartanak is t\u0151le.<br \/>\nNeh\u00e9z eld\u00f6nteni melyik web\u00e1ruh\u00e1z rendelkezik megfelel\u0151, magas sz\u00ednvonal\u00fa \u00fczleti modellel \u00e9s szervez\u00e9ssel, ahol az els\u0151 helyen a v\u00e1s\u00e1rl\u00f3 \u00e1ll, a v\u00e1s\u00e1rl\u00e1s pedig biztons\u00e1gos!<br \/>\nMindennek viszont nem szabadna elegend\u0151 ellen\u00e9rvnek lennie ahhoz, hogy ne \u00e9lvezz\u00fck azt a sok \u00e9rdekess\u00e9get amit a vil\u00e1gh\u00e1l\u00f3 tartogat, mi ez\u00e9rt hoztuk l\u00e9tre saj\u00e1t web\u00e1ruh\u00e1zunkat, hogy kisz\u0171rj\u00fck a hozz\u00e1nk hasonl\u00f3 \u00e9rdekess\u00e9geket \u00e9s biztons\u00e1gos opci\u00f3t ny\u00fajtsunk \u00d6nnek.<br \/>\nA glob\u00e1lis internetpiachoz igazodva, amit \u00e1lland\u00f3an k\u00f6vet\u00fcnk, szerett\u00fck volna egy helyen \u00f6sszegy\u0171jteni a legjobb \u00e9s legsz\u00fcks\u00e9gesebb trendi term\u00e9keket amelyek kiteljes\u00edtik \u00e9let\u00e9t \u00e9s megk\u00f6nny\u00edtik a mindennapjait.<br \/>\nAz egyik param\u00e9ter, amely felm\u00e9r\u00e9s\u00fcnk sor\u00e1n a legfontosabbnak bizonyult, a gyors sz\u00e1ll\u00edt\u00e1s, ez\u00e9rt ennek megfelel\u0151en a web\u00e1ruh\u00e1zban szerepl\u0151 \u00f6sszes term\u00e9k\u00fcnket eur\u00f3pai rakt\u00e1rr\u00f3l el\u00e9rhet\u0151v\u00e9 tett\u00fck, \u00edgy azok azonnal el\u00e9rhet\u0151ek!<br \/>\nTerm\u00e9szetesen, a legfontosabb a term\u00e9kek kiv\u00e1l\u00f3 min\u0151s\u00e9ge \u00e9s ez\u00e9rt minden egyes term\u00e9ket, a piacon val\u00f3 megjelen\u00e9se el\u0151tt letesztelj\u00fck \u00e9s funkci\u00f3it ellen\u0151rizz\u00fck, annak \u00e9rdek\u00e9ben, hogy megbizonyosodjunk arr\u00f3l, hogy val\u00f3ban megfelelnek a felt\u00fcntetett min\u0151s\u00e9gi szabv\u00e1nyoknak.<\/p>\n<p><strong>Mott\u00f3nk:<\/strong><br \/>\nFelkutatjuk a piacot \u00e9s kedvenc term\u00e9keit \u00d6n helyett \u2013 kock\u00e1zat n\u00e9lk\u00fcl!<\/p>\n","protected":false},"excerpt":{"rendered":"<p>Ir\u00e1nyelv\u00fcnk a M\u00c1RKA prizm\u00e1j\u00e1n kereszt\u00fcl &#8211; kik vagyunk \u00e9s mi\u00e9rt maradtunk fenn ilyen sok ideig? Napjaink gyors \u00e9letst\u00edlusa mellett, minden \u00fczlet a lehet\u0151 legnagyobb profit el\u00e9r\u00e9se c\u00e9lj\u00e1val m\u0171k\u00f6dik. Azonban a vil\u00e1gban fen\u00e1ll\u00f3 mindennapi v\u00e1ltoz\u00e1sok miatt ezen is t\u00fal kell l\u00e9pni, hiszen imm\u00e1ron nem elegend\u0151 csup\u00e1n az egyik oldal c\u00e9ljainak, azaz a profitnak az el\u00e9r\u00e9se. N\u00e9ha, &hellip; <a href=\"https:\/\/non-stopshop.eu\/hu\/rolunk\/\">Continued<\/a><\/p>\n","protected":false},"author":1,"featured_media":0,"parent":0,"menu_order":0,"comment_status":"closed","ping_status":"closed","template":"","meta":{"inline_featured_image":false,"footnotes":""},"class_list":["post-104","page","type-page","status-publish","hentry"],"acf":[],"_links":{"self":[{"href":"https:\/\/non-stopshop.eu\/hu\/wp-json\/wp\/v2\/pages\/104","targetHints":{"allow":["GET"]}}],"collection":[{"href":"https:\/\/non-stopshop.eu\/hu\/wp-json\/wp\/v2\/pages"}],"about":[{"href":"https:\/\/non-stopshop.eu\/hu\/wp-json\/wp\/v2\/types\/page"}],"author":[{"embeddable":true,"href":"https:\/\/non-stopshop.eu\/hu\/wp-json\/wp\/v2\/users\/1"}],"replies":[{"embeddable":true,"href":"https:\/\/non-stopshop.eu\/hu\/wp-json\/wp\/v2\/comments?post=104"}],"version-history":[{"count":3,"href":"https:\/\/non-stopshop.eu\/hu\/wp-json\/wp\/v2\/pages\/104\/revisions"}],"predecessor-version":[{"id":757,"href":"https:\/\/non-stopshop.eu\/hu\/wp-json\/wp\/v2\/pages\/104\/revisions\/757"}],"wp:attachment":[{"href":"https:\/\/non-stopshop.eu\/hu\/wp-json\/wp\/v2\/media?parent=104"}],"curies":[{"name":"wp","href":"https:\/\/api.w.org\/{rel}","templated":true}]}}