{"id":98,"date":"2020-10-28T10:57:05","date_gmt":"2020-10-28T10:57:05","guid":{"rendered":"https:\/\/shopium.eu\/rs\/?page_id=98"},"modified":"2021-01-11T11:29:23","modified_gmt":"2021-01-11T10:29:23","slug":"fizetesi-opciok","status":"publish","type":"page","link":"https:\/\/non-stopshop.eu\/hu\/fizetesi-opciok\/","title":{"rendered":"Sz\u00e1ll\u00edt\u00e1s \u00e9s fizet\u00e9si opci\u00f3k"},"content":{"rendered":"<p><strong>Sz\u00e1ll\u00edt\u00e1s<\/strong><\/p>\n<p>Minden term\u00e9k amely a weboldalunkon szerepel rakt\u00e1rr\u00f3l el\u00e9rhet\u0151. A v\u00e1s\u00e1rl\u00f3 a v\u00e1s\u00e1rl\u00e1s alkalm\u00e1val v\u00e1llalja a sz\u00e1ll\u00edt\u00e1si d\u00edj kifizet\u00e9s\u00e9t az \u00e1ru \u00e1tv\u00e9tele ut\u00e1n, kiv\u00e9ve egyes term\u00e9kek rendel\u00e9sekor, amelyeken az \u201e\u00e1r tartalmazza a sz\u00e1ll\u00edt\u00e1si d\u00edjat\u201d vagy \u201eingyenes sz\u00e1ll\u00edt\u00e1s\u201d jelz\u00e9s tal\u00e1lhat\u00f3. A rendel\u00e9sek sz\u00e1ll\u00edt\u00e1s\u00e1ra a GLS \u00e9s Packeta szolg\u00e1ltat\u00f3k sz\u00e1ll\u00edt\u00e1si szolg\u00e1ltat\u00e1s\u00e1t alkalmazzuk. A fent eml\u00edtett szolg\u00e1ltat\u00f3kkal szerz\u0151d\u00e9ses meg\u00e1llapod\u00e1sunk van az \u00fczleti egy\u00fcttm\u0171k\u00f6d\u00e9sr\u0151l. A rendelt term\u00e9kek sz\u00e1ll\u00edt\u00e1si hat\u00e1rideje 2-5 munkanap (a COVID-19 miatt fenn\u00e1ll\u00f3 szitu\u00e1ci\u00f3b\u00f3l ad\u00f3d\u00f3an a sz\u00e1ll\u00edt\u00e1si hat\u00e1rid\u0151 hosszabb is lehet). A megrendel\u00e9seket az \u00d6n \u00e1ltal megjel\u00f6lt sz\u00e1ll\u00edt\u00e1si c\u00edmre ker\u00fclnek kisz\u00e1ll\u00edt\u00e1sra.<\/p>\n<p><strong>K\u00fcldem\u00e9ny k\u00f6vet\u00e9se<\/strong><\/p>\n<p>A k\u00fcldem\u00e9nyt a k\u00f6vetkez\u0151 linken tudja nyomon k\u00f6vetni: <a href=\"https:\/\/tracking.packeta.com\/hu\/tracking\/search\">https:\/\/tracking.packeta.com\/hu\/tracking\/search<\/a><\/p>\n<p><strong>Fizet\u00e9s<\/strong><\/p>\n<p>K\u00fcl\u00f6nb\u00f6z\u0151 fizet\u00e9si opci\u00f3kat ny\u00fajtunk \u00d6nnek. A term\u00e9kek\u00e9rt fizethet PayPal-lal, bankk\u00e1rty\u00e1val vagy \u00e1tv\u00e9tel ut\u00e1ni fizet\u00e9ssel.<\/p>\n","protected":false},"excerpt":{"rendered":"<p>Sz\u00e1ll\u00edt\u00e1s Minden term\u00e9k amely a weboldalunkon szerepel rakt\u00e1rr\u00f3l el\u00e9rhet\u0151. A v\u00e1s\u00e1rl\u00f3 a v\u00e1s\u00e1rl\u00e1s alkalm\u00e1val v\u00e1llalja a sz\u00e1ll\u00edt\u00e1si d\u00edj kifizet\u00e9s\u00e9t az \u00e1ru \u00e1tv\u00e9tele ut\u00e1n, kiv\u00e9ve egyes term\u00e9kek rendel\u00e9sekor, amelyeken az \u201e\u00e1r tartalmazza a sz\u00e1ll\u00edt\u00e1si d\u00edjat\u201d vagy \u201eingyenes sz\u00e1ll\u00edt\u00e1s\u201d jelz\u00e9s tal\u00e1lhat\u00f3. A rendel\u00e9sek sz\u00e1ll\u00edt\u00e1s\u00e1ra a GLS \u00e9s Packeta szolg\u00e1ltat\u00f3k sz\u00e1ll\u00edt\u00e1si szolg\u00e1ltat\u00e1s\u00e1t alkalmazzuk. A fent eml\u00edtett szolg\u00e1ltat\u00f3kkal szerz\u0151d\u00e9ses &hellip; <a href=\"https:\/\/non-stopshop.eu\/hu\/fizetesi-opciok\/\">Continued<\/a><\/p>\n","protected":false},"author":1,"featured_media":0,"parent":0,"menu_order":0,"comment_status":"closed","ping_status":"closed","template":"","meta":{"inline_featured_image":false,"footnotes":""},"class_list":["post-98","page","type-page","status-publish","hentry"],"acf":[],"_links":{"self":[{"href":"https:\/\/non-stopshop.eu\/hu\/wp-json\/wp\/v2\/pages\/98","targetHints":{"allow":["GET"]}}],"collection":[{"href":"https:\/\/non-stopshop.eu\/hu\/wp-json\/wp\/v2\/pages"}],"about":[{"href":"https:\/\/non-stopshop.eu\/hu\/wp-json\/wp\/v2\/types\/page"}],"author":[{"embeddable":true,"href":"https:\/\/non-stopshop.eu\/hu\/wp-json\/wp\/v2\/users\/1"}],"replies":[{"embeddable":true,"href":"https:\/\/non-stopshop.eu\/hu\/wp-json\/wp\/v2\/comments?post=98"}],"version-history":[{"count":8,"href":"https:\/\/non-stopshop.eu\/hu\/wp-json\/wp\/v2\/pages\/98\/revisions"}],"predecessor-version":[{"id":766,"href":"https:\/\/non-stopshop.eu\/hu\/wp-json\/wp\/v2\/pages\/98\/revisions\/766"}],"wp:attachment":[{"href":"https:\/\/non-stopshop.eu\/hu\/wp-json\/wp\/v2\/media?parent=98"}],"curies":[{"name":"wp","href":"https:\/\/api.w.org\/{rel}","templated":true}]}}