{"id":10403,"date":"2023-12-05T09:24:09","date_gmt":"2023-12-05T08:24:09","guid":{"rendered":"https:\/\/non-stopshop.eu\/hu\/?post_type=product&#038;p=10403"},"modified":"2023-12-05T12:03:43","modified_gmt":"2023-12-05T11:03:43","slug":"tobbfunkcios-fitneszeszkoz","status":"publish","type":"product","link":"https:\/\/non-stopshop.eu\/hu\/termek\/tobbfunkcios-fitneszeszkoz\/","title":{"rendered":"T\u00f6bbfunkci\u00f3s fitneszeszk\u00f6z"},"content":{"rendered":"","protected":false},"excerpt":{"rendered":"<p id=\"tw-target-text\" class=\"tw-data-text tw-text-large tw-ta\" dir=\"ltr\" data-placeholder=\"Prijevod\">T\u00f6k\u00e9letes fitneszg\u00e9p az \u00f6sszes izom edz\u00e9s\u00e9hez \u00e9s megfeszes\u00edt\u00e9s\u00e9hez! Feszes\u00edtse \u00e9s er\u0151s\u00edtse meg a h\u00e1t\u00e1t, a v\u00e1llakat, a karokat, a mellizmokat, a tricepszt vagy a hasizmokat, bele\u00e9rtve a cs\u00edp\u0151hajl\u00edt\u00f3 izmokat is. Hozza mag\u00e1t cs\u00facsform\u00e1ba egyetlen eszk\u00f6zzel!<\/p>\n","protected":false},"featured_media":10412,"comment_status":"closed","ping_status":"closed","template":"","meta":{"inline_featured_image":false},"product_brand":[],"product_cat":[15,28,26],"product_tag":[],"class_list":{"0":"post-10403","1":"product","2":"type-product","3":"status-publish","4":"has-post-thumbnail","6":"product_cat-uncategorized","7":"product_cat-beauty","8":"product_cat-health","10":"first","11":"instock","12":"sale","13":"taxable","14":"shipping-taxable","15":"purchasable","16":"product-type-simple"},"acf":[],"_links":{"self":[{"href":"https:\/\/non-stopshop.eu\/hu\/wp-json\/wp\/v2\/product\/10403","targetHints":{"allow":["GET"]}}],"collection":[{"href":"https:\/\/non-stopshop.eu\/hu\/wp-json\/wp\/v2\/product"}],"about":[{"href":"https:\/\/non-stopshop.eu\/hu\/wp-json\/wp\/v2\/types\/product"}],"replies":[{"embeddable":true,"href":"https:\/\/non-stopshop.eu\/hu\/wp-json\/wp\/v2\/comments?post=10403"}],"wp:featuredmedia":[{"embeddable":true,"href":"https:\/\/non-stopshop.eu\/hu\/wp-json\/wp\/v2\/media\/10412"}],"wp:attachment":[{"href":"https:\/\/non-stopshop.eu\/hu\/wp-json\/wp\/v2\/media?parent=10403"}],"wp:term":[{"taxonomy":"product_brand","embeddable":true,"href":"https:\/\/non-stopshop.eu\/hu\/wp-json\/wp\/v2\/product_brand?post=10403"},{"taxonomy":"product_cat","embeddable":true,"href":"https:\/\/non-stopshop.eu\/hu\/wp-json\/wp\/v2\/product_cat?post=10403"},{"taxonomy":"product_tag","embeddable":true,"href":"https:\/\/non-stopshop.eu\/hu\/wp-json\/wp\/v2\/product_tag?post=10403"}],"curies":[{"name":"wp","href":"https:\/\/api.w.org\/{rel}","templated":true}]}}