{"id":10469,"date":"2023-12-07T12:44:00","date_gmt":"2023-12-07T11:44:00","guid":{"rendered":"https:\/\/non-stopshop.eu\/hu\/?post_type=product&#038;p=10469"},"modified":"2023-12-07T14:25:15","modified_gmt":"2023-12-07T13:25:15","slug":"nano-karcolaseltavolito-spray-nanocoatingagent","status":"publish","type":"product","link":"https:\/\/non-stopshop.eu\/hu\/termek\/nano-karcolaseltavolito-spray-nanocoatingagent\/","title":{"rendered":"Nano karcol\u00e1selt\u00e1vol\u00edt\u00f3 spray &#8211; NanoCoatingAgent"},"content":{"rendered":"","protected":false},"excerpt":{"rendered":"<p id=\"tw-target-text\" class=\"tw-data-text tw-text-large tw-ta\" dir=\"ltr\" data-placeholder=\"Prijevod\">Az univerz\u00e1lis \u00e9s hat\u00e9kony karcol\u00e1selt\u00e1vol\u00edt\u00f3 hidrof\u00f3b bevonat lehet\u0151v\u00e9 teszi a karcol\u00e1sok praktikus \u00e9s egyszer\u0171 elt\u00e1vol\u00edt\u00e1s\u00e1t, aut\u00f3lakkoz\u00f3 vagy karossz\u00e9ria jav\u00edt\u00f3 szakember n\u00e9lk\u00fcl, a maxim\u00e1lis csillog\u00e1s \u00e9s tart\u00f3ss\u00e1g el\u00e9r\u00e9s\u00e9rt.<\/p>\n","protected":false},"featured_media":10476,"comment_status":"closed","ping_status":"closed","template":"","meta":{"inline_featured_image":false},"product_brand":[],"product_cat":[15,25],"product_tag":[],"class_list":{"0":"post-10469","1":"product","2":"type-product","3":"status-publish","4":"has-post-thumbnail","6":"product_cat-uncategorized","7":"product_cat-car","9":"first","10":"instock","11":"sale","12":"taxable","13":"shipping-taxable","14":"purchasable","15":"product-type-simple"},"acf":[],"_links":{"self":[{"href":"https:\/\/non-stopshop.eu\/hu\/wp-json\/wp\/v2\/product\/10469","targetHints":{"allow":["GET"]}}],"collection":[{"href":"https:\/\/non-stopshop.eu\/hu\/wp-json\/wp\/v2\/product"}],"about":[{"href":"https:\/\/non-stopshop.eu\/hu\/wp-json\/wp\/v2\/types\/product"}],"replies":[{"embeddable":true,"href":"https:\/\/non-stopshop.eu\/hu\/wp-json\/wp\/v2\/comments?post=10469"}],"wp:featuredmedia":[{"embeddable":true,"href":"https:\/\/non-stopshop.eu\/hu\/wp-json\/wp\/v2\/media\/10476"}],"wp:attachment":[{"href":"https:\/\/non-stopshop.eu\/hu\/wp-json\/wp\/v2\/media?parent=10469"}],"wp:term":[{"taxonomy":"product_brand","embeddable":true,"href":"https:\/\/non-stopshop.eu\/hu\/wp-json\/wp\/v2\/product_brand?post=10469"},{"taxonomy":"product_cat","embeddable":true,"href":"https:\/\/non-stopshop.eu\/hu\/wp-json\/wp\/v2\/product_cat?post=10469"},{"taxonomy":"product_tag","embeddable":true,"href":"https:\/\/non-stopshop.eu\/hu\/wp-json\/wp\/v2\/product_tag?post=10469"}],"curies":[{"name":"wp","href":"https:\/\/api.w.org\/{rel}","templated":true}]}}