{"id":10562,"date":"2023-12-11T09:28:02","date_gmt":"2023-12-11T08:28:02","guid":{"rendered":"https:\/\/non-stopshop.eu\/hu\/?post_type=product&#038;p=10562"},"modified":"2023-12-11T12:25:03","modified_gmt":"2023-12-11T11:25:03","slug":"enzimes-folteltavolito","status":"publish","type":"product","link":"https:\/\/non-stopshop.eu\/hu\/termek\/enzimes-folteltavolito\/","title":{"rendered":"Enzimes foltelt\u00e1vol\u00edt\u00f3"},"content":{"rendered":"","protected":false},"excerpt":{"rendered":"<p id=\"tw-target-text\" class=\"tw-data-text tw-text-large tw-ta\" dir=\"ltr\" data-placeholder=\"Prijevod\">Szabaduljon meg a bosszant\u00f3 makacs foltokt\u00f3l a ruh\u00e1kon csup\u00e1n p\u00e1r perc alatt!<\/p>\n","protected":false},"featured_media":10569,"comment_status":"closed","ping_status":"closed","template":"","meta":{"inline_featured_image":false},"product_brand":[],"product_cat":[15,27],"product_tag":[],"class_list":{"0":"post-10562","1":"product","2":"type-product","3":"status-publish","4":"has-post-thumbnail","6":"product_cat-uncategorized","7":"product_cat-home","9":"first","10":"instock","11":"sale","12":"taxable","13":"shipping-taxable","14":"purchasable","15":"product-type-simple"},"acf":[],"_links":{"self":[{"href":"https:\/\/non-stopshop.eu\/hu\/wp-json\/wp\/v2\/product\/10562","targetHints":{"allow":["GET"]}}],"collection":[{"href":"https:\/\/non-stopshop.eu\/hu\/wp-json\/wp\/v2\/product"}],"about":[{"href":"https:\/\/non-stopshop.eu\/hu\/wp-json\/wp\/v2\/types\/product"}],"replies":[{"embeddable":true,"href":"https:\/\/non-stopshop.eu\/hu\/wp-json\/wp\/v2\/comments?post=10562"}],"wp:featuredmedia":[{"embeddable":true,"href":"https:\/\/non-stopshop.eu\/hu\/wp-json\/wp\/v2\/media\/10569"}],"wp:attachment":[{"href":"https:\/\/non-stopshop.eu\/hu\/wp-json\/wp\/v2\/media?parent=10562"}],"wp:term":[{"taxonomy":"product_brand","embeddable":true,"href":"https:\/\/non-stopshop.eu\/hu\/wp-json\/wp\/v2\/product_brand?post=10562"},{"taxonomy":"product_cat","embeddable":true,"href":"https:\/\/non-stopshop.eu\/hu\/wp-json\/wp\/v2\/product_cat?post=10562"},{"taxonomy":"product_tag","embeddable":true,"href":"https:\/\/non-stopshop.eu\/hu\/wp-json\/wp\/v2\/product_tag?post=10562"}],"curies":[{"name":"wp","href":"https:\/\/api.w.org\/{rel}","templated":true}]}}