{"id":1270,"date":"2021-02-17T08:38:05","date_gmt":"2021-02-17T07:38:05","guid":{"rendered":"https:\/\/shopium.eu\/hu\/?post_type=product&#038;p=1270"},"modified":"2021-10-06T14:11:13","modified_gmt":"2021-10-06T12:11:13","slug":"katonai-taktikai-kesztyu-glowesly","status":"publish","type":"product","link":"https:\/\/non-stopshop.eu\/hu\/termek\/katonai-taktikai-kesztyu-glowesly\/","title":{"rendered":"Katonai taktikai keszty\u0171 &#8211; Glowesly"},"content":{"rendered":"<p>Kiv\u00e1l\u00f3 k\u00e9perny\u0151\u00e9rint\u0151s katonai keszty\u0171, amely ide\u00e1lis b\u00e1rmilyen t\u00edpus\u00fa sporthoz vagy m\u00e1s szabadt\u00e9ri tev\u00e9kenys\u00e9ghez, a horzsol\u00e1sok, z\u00faz\u00f3d\u00e1sok \u00e9s \u00e1tfagy\u00e1s elker\u00fcl\u00e9se \u00e9rdek\u00e9ben.<\/p>\n","protected":false},"excerpt":{"rendered":"<p>Kiv\u00e1l\u00f3 k\u00e9perny\u0151\u00e9rint\u0151s katonai keszty\u0171, amely ide\u00e1lis b\u00e1rmilyen t\u00edpus\u00fa sporthoz vagy m\u00e1s szabadt\u00e9ri tev\u00e9kenys\u00e9ghez, a horzsol\u00e1sok, z\u00faz\u00f3d\u00e1sok \u00e9s \u00e1tfagy\u00e1s elker\u00fcl\u00e9se \u00e9rdek\u00e9ben.<\/p>\n","protected":false},"featured_media":1146,"comment_status":"closed","ping_status":"closed","template":"","meta":{"inline_featured_image":false},"product_brand":[],"product_cat":[15],"product_tag":[],"class_list":{"0":"post-1270","1":"product","2":"type-product","3":"status-publish","4":"has-post-thumbnail","6":"product_cat-uncategorized","8":"first","9":"instock","10":"sale","11":"taxable","12":"shipping-taxable","13":"purchasable","14":"product-type-simple"},"acf":[],"_links":{"self":[{"href":"https:\/\/non-stopshop.eu\/hu\/wp-json\/wp\/v2\/product\/1270","targetHints":{"allow":["GET"]}}],"collection":[{"href":"https:\/\/non-stopshop.eu\/hu\/wp-json\/wp\/v2\/product"}],"about":[{"href":"https:\/\/non-stopshop.eu\/hu\/wp-json\/wp\/v2\/types\/product"}],"replies":[{"embeddable":true,"href":"https:\/\/non-stopshop.eu\/hu\/wp-json\/wp\/v2\/comments?post=1270"}],"wp:featuredmedia":[{"embeddable":true,"href":"https:\/\/non-stopshop.eu\/hu\/wp-json\/wp\/v2\/media\/1146"}],"wp:attachment":[{"href":"https:\/\/non-stopshop.eu\/hu\/wp-json\/wp\/v2\/media?parent=1270"}],"wp:term":[{"taxonomy":"product_brand","embeddable":true,"href":"https:\/\/non-stopshop.eu\/hu\/wp-json\/wp\/v2\/product_brand?post=1270"},{"taxonomy":"product_cat","embeddable":true,"href":"https:\/\/non-stopshop.eu\/hu\/wp-json\/wp\/v2\/product_cat?post=1270"},{"taxonomy":"product_tag","embeddable":true,"href":"https:\/\/non-stopshop.eu\/hu\/wp-json\/wp\/v2\/product_tag?post=1270"}],"curies":[{"name":"wp","href":"https:\/\/api.w.org\/{rel}","templated":true}]}}