{"id":1272,"date":"2021-02-17T08:44:09","date_gmt":"2021-02-17T07:44:09","guid":{"rendered":"https:\/\/shopium.eu\/hu\/?post_type=product&#038;p=1272"},"modified":"2021-10-05T13:10:06","modified_gmt":"2021-10-05T11:10:06","slug":"folyekony-szigeteloszalag-liquidtape-2","status":"publish","type":"product","link":"https:\/\/non-stopshop.eu\/hu\/termek\/folyekony-szigeteloszalag-liquidtape-2\/","title":{"rendered":"Foly\u00e9kony szigetel\u0151szalag &#8211; LiquidTape"},"content":{"rendered":"<p>T\u00f6k\u00e9letes megold\u00e1s b\u00e1rmilyen elektromos vezet\u00e9k szigetel\u00e9s\u00e9re. Ezzel a rendk\u00edv\u00fcl praktikus \u00e9s biztons\u00e1gos szigetel\u0151folyad\u00e9kkal, b\u00e1rmilyen vezet\u00e9ket teljes m\u00e9rt\u00e9kben biztons\u00e1goss\u00e1 tehet, an\u00e9lk\u00fcl, hogy az k\u00e9s\u0151bb lev\u00e1lna, mint az a klasszikus szigetel\u0151szalagok eset\u00e9ben gyakran megt\u00f6rt\u00e9nik.<\/p>\n","protected":false},"excerpt":{"rendered":"<p>T\u00f6k\u00e9letes megold\u00e1s b\u00e1rmilyen elektromos vezet\u00e9k szigetel\u00e9s\u00e9re. Ezzel a rendk\u00edv\u00fcl praktikus \u00e9s biztons\u00e1gos szigetel\u0151folyad\u00e9kkal, b\u00e1rmilyen vezet\u00e9ket teljes m\u00e9rt\u00e9kben biztons\u00e1goss\u00e1 tehet, an\u00e9lk\u00fcl, hogy az k\u00e9s\u0151bb lev\u00e1lna, mint az a klasszikus szigetel\u0151szalagok eset\u00e9ben gyakran megt\u00f6rt\u00e9nik.<\/p>\n","protected":false},"featured_media":726,"comment_status":"closed","ping_status":"closed","template":"","meta":{"inline_featured_image":false},"product_brand":[],"product_cat":[15],"product_tag":[],"class_list":{"0":"post-1272","1":"product","2":"type-product","3":"status-publish","4":"has-post-thumbnail","6":"product_cat-uncategorized","8":"first","9":"instock","10":"sale","11":"taxable","12":"shipping-taxable","13":"purchasable","14":"product-type-simple"},"acf":[],"_links":{"self":[{"href":"https:\/\/non-stopshop.eu\/hu\/wp-json\/wp\/v2\/product\/1272","targetHints":{"allow":["GET"]}}],"collection":[{"href":"https:\/\/non-stopshop.eu\/hu\/wp-json\/wp\/v2\/product"}],"about":[{"href":"https:\/\/non-stopshop.eu\/hu\/wp-json\/wp\/v2\/types\/product"}],"replies":[{"embeddable":true,"href":"https:\/\/non-stopshop.eu\/hu\/wp-json\/wp\/v2\/comments?post=1272"}],"wp:featuredmedia":[{"embeddable":true,"href":"https:\/\/non-stopshop.eu\/hu\/wp-json\/wp\/v2\/media\/726"}],"wp:attachment":[{"href":"https:\/\/non-stopshop.eu\/hu\/wp-json\/wp\/v2\/media?parent=1272"}],"wp:term":[{"taxonomy":"product_brand","embeddable":true,"href":"https:\/\/non-stopshop.eu\/hu\/wp-json\/wp\/v2\/product_brand?post=1272"},{"taxonomy":"product_cat","embeddable":true,"href":"https:\/\/non-stopshop.eu\/hu\/wp-json\/wp\/v2\/product_cat?post=1272"},{"taxonomy":"product_tag","embeddable":true,"href":"https:\/\/non-stopshop.eu\/hu\/wp-json\/wp\/v2\/product_tag?post=1272"}],"curies":[{"name":"wp","href":"https:\/\/api.w.org\/{rel}","templated":true}]}}