{"id":1603,"date":"2021-03-10T19:31:28","date_gmt":"2021-03-10T18:31:28","guid":{"rendered":"https:\/\/shopium.eu\/hu\/?post_type=product&#038;p=1603"},"modified":"2021-10-06T14:07:20","modified_gmt":"2021-10-06T12:07:20","slug":"nagynyomasu-vizpermetezo-jetgun","status":"publish","type":"product","link":"https:\/\/non-stopshop.eu\/hu\/termek\/nagynyomasu-vizpermetezo-jetgun\/","title":{"rendered":"Nagynyom\u00e1s\u00fa v\u00edzpermetez\u0151 &#8211; JetGun"},"content":{"rendered":"","protected":false},"excerpt":{"rendered":"<p><span style=\"font-weight: 400\">T\u00f6bb\u00e9 nem kell bajl\u00f3dnia a takar\u00edt\u00e1ssal vagy az aut\u00f3 mos\u00e1s\u00e1val! Ennek a term\u00e9knek k\u00f6sz\u00f6nhet\u0151en mindez gyorsan \u00e9s k\u00f6nnyed\u00e9n elv\u00e9gezhet\u0151.<\/span><\/p>\n","protected":false},"featured_media":1608,"comment_status":"closed","ping_status":"closed","template":"","meta":{"inline_featured_image":false},"product_brand":[],"product_cat":[15,25,27],"product_tag":[],"class_list":{"0":"post-1603","1":"product","2":"type-product","3":"status-publish","4":"has-post-thumbnail","6":"product_cat-uncategorized","7":"product_cat-car","8":"product_cat-home","10":"first","11":"instock","12":"sale","13":"taxable","14":"shipping-taxable","15":"purchasable","16":"product-type-simple"},"acf":[],"_links":{"self":[{"href":"https:\/\/non-stopshop.eu\/hu\/wp-json\/wp\/v2\/product\/1603","targetHints":{"allow":["GET"]}}],"collection":[{"href":"https:\/\/non-stopshop.eu\/hu\/wp-json\/wp\/v2\/product"}],"about":[{"href":"https:\/\/non-stopshop.eu\/hu\/wp-json\/wp\/v2\/types\/product"}],"replies":[{"embeddable":true,"href":"https:\/\/non-stopshop.eu\/hu\/wp-json\/wp\/v2\/comments?post=1603"}],"wp:featuredmedia":[{"embeddable":true,"href":"https:\/\/non-stopshop.eu\/hu\/wp-json\/wp\/v2\/media\/1608"}],"wp:attachment":[{"href":"https:\/\/non-stopshop.eu\/hu\/wp-json\/wp\/v2\/media?parent=1603"}],"wp:term":[{"taxonomy":"product_brand","embeddable":true,"href":"https:\/\/non-stopshop.eu\/hu\/wp-json\/wp\/v2\/product_brand?post=1603"},{"taxonomy":"product_cat","embeddable":true,"href":"https:\/\/non-stopshop.eu\/hu\/wp-json\/wp\/v2\/product_cat?post=1603"},{"taxonomy":"product_tag","embeddable":true,"href":"https:\/\/non-stopshop.eu\/hu\/wp-json\/wp\/v2\/product_tag?post=1603"}],"curies":[{"name":"wp","href":"https:\/\/api.w.org\/{rel}","templated":true}]}}