{"id":1903,"date":"2021-03-26T15:26:52","date_gmt":"2021-03-26T14:26:52","guid":{"rendered":"https:\/\/shopium.eu\/hu\/?post_type=product&#038;p=1903"},"modified":"2021-10-06T14:06:11","modified_gmt":"2021-10-06T12:06:11","slug":"telefontarto-autostand","status":"publish","type":"product","link":"https:\/\/non-stopshop.eu\/hu\/termek\/telefontarto-autostand\/","title":{"rendered":"Telefontart\u00f3 &#8211; AutoStand"},"content":{"rendered":"","protected":false},"excerpt":{"rendered":"<p><span style=\"font-weight: 400\">A CollabCar ultra stabil, massz\u00edv \u00e9s cs\u00fasz\u00e1sg\u00e1tl\u00f3 telefontart\u00f3 lehet\u0151v\u00e9 teszi a telefon k\u00f6nny\u0171 \u00e9s biztons\u00e1gos haszn\u00e1lat\u00e1t vezet\u00e9s k\u00f6zben b\u00e1rmilyen tev\u00e9kenys\u00e9ghez, p\u00e9ld\u00e1ul h\u00edv\u00e1sokhoz, navig\u00e1ci\u00f3hoz vagy hasonl\u00f3khoz.<\/span><\/p>\n","protected":false},"featured_media":1906,"comment_status":"closed","ping_status":"closed","template":"","meta":{"inline_featured_image":false},"product_brand":[],"product_cat":[15,25],"product_tag":[],"class_list":{"0":"post-1903","1":"product","2":"type-product","3":"status-publish","4":"has-post-thumbnail","6":"product_cat-uncategorized","7":"product_cat-car","9":"first","10":"instock","11":"sale","12":"taxable","13":"shipping-taxable","14":"purchasable","15":"product-type-simple"},"acf":[],"_links":{"self":[{"href":"https:\/\/non-stopshop.eu\/hu\/wp-json\/wp\/v2\/product\/1903","targetHints":{"allow":["GET"]}}],"collection":[{"href":"https:\/\/non-stopshop.eu\/hu\/wp-json\/wp\/v2\/product"}],"about":[{"href":"https:\/\/non-stopshop.eu\/hu\/wp-json\/wp\/v2\/types\/product"}],"replies":[{"embeddable":true,"href":"https:\/\/non-stopshop.eu\/hu\/wp-json\/wp\/v2\/comments?post=1903"}],"wp:featuredmedia":[{"embeddable":true,"href":"https:\/\/non-stopshop.eu\/hu\/wp-json\/wp\/v2\/media\/1906"}],"wp:attachment":[{"href":"https:\/\/non-stopshop.eu\/hu\/wp-json\/wp\/v2\/media?parent=1903"}],"wp:term":[{"taxonomy":"product_brand","embeddable":true,"href":"https:\/\/non-stopshop.eu\/hu\/wp-json\/wp\/v2\/product_brand?post=1903"},{"taxonomy":"product_cat","embeddable":true,"href":"https:\/\/non-stopshop.eu\/hu\/wp-json\/wp\/v2\/product_cat?post=1903"},{"taxonomy":"product_tag","embeddable":true,"href":"https:\/\/non-stopshop.eu\/hu\/wp-json\/wp\/v2\/product_tag?post=1903"}],"curies":[{"name":"wp","href":"https:\/\/api.w.org\/{rel}","templated":true}]}}