{"id":1957,"date":"2021-03-29T08:30:21","date_gmt":"2021-03-29T06:30:21","guid":{"rendered":"https:\/\/shopium.eu\/hu\/?post_type=product&#038;p=1957"},"modified":"2021-10-06T14:03:42","modified_gmt":"2021-10-06T12:03:42","slug":"magnes-fishag","status":"publish","type":"product","link":"https:\/\/non-stopshop.eu\/hu\/termek\/magnes-fishag\/","title":{"rendered":"M\u00e1gnes &#8211; Fishag"},"content":{"rendered":"","protected":false},"excerpt":{"rendered":"<p>K\u00f6nny\u0171 \u00e9s kompakt kiszerel\u00e9s, illetve a kiv\u00e1l\u00f3 min\u0151s\u00e9g\u0171 f\u00e9manyagok var\u00e1zsolj\u00e1k ezt a m\u00e1gnest egy forradalmian \u00faj term\u00e9kk\u00e9 \u00e9s a legjobb eszk\u00f6zz\u00e9 az elveszett f\u00e9mt\u00e1rgyak megtal\u00e1l\u00e1s\u00e1hoz.<\/p>\n","protected":false},"featured_media":1958,"comment_status":"closed","ping_status":"closed","template":"","meta":{"inline_featured_image":false},"product_brand":[],"product_cat":[15,27,35],"product_tag":[],"class_list":{"0":"post-1957","1":"product","2":"type-product","3":"status-publish","4":"has-post-thumbnail","6":"product_cat-uncategorized","7":"product_cat-home","8":"product_cat-fun","10":"first","11":"instock","12":"sale","13":"taxable","14":"shipping-taxable","15":"purchasable","16":"product-type-simple"},"acf":[],"_links":{"self":[{"href":"https:\/\/non-stopshop.eu\/hu\/wp-json\/wp\/v2\/product\/1957","targetHints":{"allow":["GET"]}}],"collection":[{"href":"https:\/\/non-stopshop.eu\/hu\/wp-json\/wp\/v2\/product"}],"about":[{"href":"https:\/\/non-stopshop.eu\/hu\/wp-json\/wp\/v2\/types\/product"}],"replies":[{"embeddable":true,"href":"https:\/\/non-stopshop.eu\/hu\/wp-json\/wp\/v2\/comments?post=1957"}],"wp:featuredmedia":[{"embeddable":true,"href":"https:\/\/non-stopshop.eu\/hu\/wp-json\/wp\/v2\/media\/1958"}],"wp:attachment":[{"href":"https:\/\/non-stopshop.eu\/hu\/wp-json\/wp\/v2\/media?parent=1957"}],"wp:term":[{"taxonomy":"product_brand","embeddable":true,"href":"https:\/\/non-stopshop.eu\/hu\/wp-json\/wp\/v2\/product_brand?post=1957"},{"taxonomy":"product_cat","embeddable":true,"href":"https:\/\/non-stopshop.eu\/hu\/wp-json\/wp\/v2\/product_cat?post=1957"},{"taxonomy":"product_tag","embeddable":true,"href":"https:\/\/non-stopshop.eu\/hu\/wp-json\/wp\/v2\/product_tag?post=1957"}],"curies":[{"name":"wp","href":"https:\/\/api.w.org\/{rel}","templated":true}]}}