{"id":2305,"date":"2021-10-15T13:16:45","date_gmt":"2021-10-15T11:16:45","guid":{"rendered":"https:\/\/cartium.eu\/hu\/?post_type=product&#038;p=2305"},"modified":"2021-11-08T09:21:08","modified_gmt":"2021-11-08T08:21:08","slug":"kilovos-repulogep-glideplane","status":"publish","type":"product","link":"https:\/\/non-stopshop.eu\/hu\/termek\/kilovos-repulogep-glideplane\/","title":{"rendered":"Kil\u00f6v\u0151s rep\u00fcl\u0151g\u00e9p &#8211; GlidePlane"},"content":{"rendered":"","protected":false},"excerpt":{"rendered":"<p>Egy szuper \u00e9rdekes \u00e9s biztons\u00e1gos j\u00e1t\u00e9k minden koroszt\u00e1ly sz\u00e1m\u00e1ra, remek sz\u00f3rakoz\u00e1s \u00e9s \u00f6szt\u00f6nzi gyermekei versenyszellem\u00e9t a katapultos fegyverb\u0151l val\u00f3 szivacsos rep\u00fcl\u0151g\u00e9pek kil\u00f6v\u00e9se \u00e1ltal. A Glidery a legjobb sz\u00f3rakoz\u00e1s.<\/p>\n","protected":false},"featured_media":2312,"comment_status":"closed","ping_status":"closed","template":"","meta":{"inline_featured_image":false},"product_brand":[],"product_cat":[15,35],"product_tag":[],"class_list":{"0":"post-2305","1":"product","2":"type-product","3":"status-publish","4":"has-post-thumbnail","6":"product_cat-uncategorized","7":"product_cat-fun","9":"first","10":"instock","11":"sale","12":"taxable","13":"shipping-taxable","14":"purchasable","15":"product-type-simple"},"acf":[],"_links":{"self":[{"href":"https:\/\/non-stopshop.eu\/hu\/wp-json\/wp\/v2\/product\/2305","targetHints":{"allow":["GET"]}}],"collection":[{"href":"https:\/\/non-stopshop.eu\/hu\/wp-json\/wp\/v2\/product"}],"about":[{"href":"https:\/\/non-stopshop.eu\/hu\/wp-json\/wp\/v2\/types\/product"}],"replies":[{"embeddable":true,"href":"https:\/\/non-stopshop.eu\/hu\/wp-json\/wp\/v2\/comments?post=2305"}],"wp:featuredmedia":[{"embeddable":true,"href":"https:\/\/non-stopshop.eu\/hu\/wp-json\/wp\/v2\/media\/2312"}],"wp:attachment":[{"href":"https:\/\/non-stopshop.eu\/hu\/wp-json\/wp\/v2\/media?parent=2305"}],"wp:term":[{"taxonomy":"product_brand","embeddable":true,"href":"https:\/\/non-stopshop.eu\/hu\/wp-json\/wp\/v2\/product_brand?post=2305"},{"taxonomy":"product_cat","embeddable":true,"href":"https:\/\/non-stopshop.eu\/hu\/wp-json\/wp\/v2\/product_cat?post=2305"},{"taxonomy":"product_tag","embeddable":true,"href":"https:\/\/non-stopshop.eu\/hu\/wp-json\/wp\/v2\/product_tag?post=2305"}],"curies":[{"name":"wp","href":"https:\/\/api.w.org\/{rel}","templated":true}]}}