{"id":2322,"date":"2021-10-15T13:23:39","date_gmt":"2021-10-15T11:23:39","guid":{"rendered":"https:\/\/cartium.eu\/hu\/?post_type=product&#038;p=2322"},"modified":"2023-01-10T11:26:33","modified_gmt":"2023-01-10T10:26:33","slug":"11-ajandek-szilikon-wc-kefe-scrubbrush","status":"publish","type":"product","link":"https:\/\/non-stopshop.eu\/hu\/termek\/11-ajandek-szilikon-wc-kefe-scrubbrush\/","title":{"rendered":"1+1 AJ\u00c1ND\u00c9K Szilikon WC kefe &#8211; ScrubBrush"},"content":{"rendered":"","protected":false},"excerpt":{"rendered":"<p>A WC cs\u00e9sze tiszt\u00edt\u00e1sa hat\u00e9kony \u00e9s gyors ezzel az innovat\u00edv szilikon kef\u00e9vel, amely \u00e1ltal elfelejtheti a r\u00e9gi \u00e9s cs\u00fanya kef\u00e9ket \u00e9s a t\u00f6k\u00e9letess\u00e9gig fokozhatja mosd\u00f3ja tisztas\u00e1g\u00e1t.<\/p>\n","protected":false},"featured_media":2330,"comment_status":"closed","ping_status":"closed","template":"","meta":{"inline_featured_image":false},"product_brand":[],"product_cat":[15,27,24],"product_tag":[],"class_list":{"0":"post-2322","1":"product","2":"type-product","3":"status-publish","4":"has-post-thumbnail","6":"product_cat-uncategorized","7":"product_cat-home","8":"product_cat-sale","10":"first","11":"instock","12":"sale","13":"taxable","14":"shipping-taxable","15":"purchasable","16":"product-type-simple"},"acf":[],"_links":{"self":[{"href":"https:\/\/non-stopshop.eu\/hu\/wp-json\/wp\/v2\/product\/2322","targetHints":{"allow":["GET"]}}],"collection":[{"href":"https:\/\/non-stopshop.eu\/hu\/wp-json\/wp\/v2\/product"}],"about":[{"href":"https:\/\/non-stopshop.eu\/hu\/wp-json\/wp\/v2\/types\/product"}],"replies":[{"embeddable":true,"href":"https:\/\/non-stopshop.eu\/hu\/wp-json\/wp\/v2\/comments?post=2322"}],"wp:featuredmedia":[{"embeddable":true,"href":"https:\/\/non-stopshop.eu\/hu\/wp-json\/wp\/v2\/media\/2330"}],"wp:attachment":[{"href":"https:\/\/non-stopshop.eu\/hu\/wp-json\/wp\/v2\/media?parent=2322"}],"wp:term":[{"taxonomy":"product_brand","embeddable":true,"href":"https:\/\/non-stopshop.eu\/hu\/wp-json\/wp\/v2\/product_brand?post=2322"},{"taxonomy":"product_cat","embeddable":true,"href":"https:\/\/non-stopshop.eu\/hu\/wp-json\/wp\/v2\/product_cat?post=2322"},{"taxonomy":"product_tag","embeddable":true,"href":"https:\/\/non-stopshop.eu\/hu\/wp-json\/wp\/v2\/product_tag?post=2322"}],"curies":[{"name":"wp","href":"https:\/\/api.w.org\/{rel}","templated":true}]}}