{"id":2331,"date":"2021-10-15T14:11:23","date_gmt":"2021-10-15T12:11:23","guid":{"rendered":"https:\/\/cartium.eu\/hu\/?post_type=product&#038;p=2331"},"modified":"2021-12-09T14:31:20","modified_gmt":"2021-12-09T13:31:20","slug":"elektromos-borotva-haires","status":"publish","type":"product","link":"https:\/\/non-stopshop.eu\/hu\/termek\/elektromos-borotva-haires\/","title":{"rendered":"Elektromos borotva &#8211; Haires"},"content":{"rendered":"","protected":false},"excerpt":{"rendered":"<p>A piacon fellelhet\u0151 legjobb elektromos borotva f\u00e9rfiaknak. A felhaszn\u00e1l\u00e1si ir\u00e1nyt\u00f3l f\u00fcggetlen, kiv\u00e1l\u00f3 min\u0151s\u00e9g\u0171 ker\u00e1mia peng\u00e9k a prec\u00edz borotv\u00e1lkoz\u00e1shoz, ergonomikus kialak\u00edt\u00e1s\u00fa ny\u00e9llel \u00e9s praktikus USB-k\u00e1beles t\u00f6lt\u0151vel.<\/p>\n","protected":false},"featured_media":2285,"comment_status":"closed","ping_status":"closed","template":"","meta":{"inline_featured_image":false},"product_brand":[],"product_cat":[15,27,28],"product_tag":[],"class_list":{"0":"post-2331","1":"product","2":"type-product","3":"status-publish","4":"has-post-thumbnail","6":"product_cat-uncategorized","7":"product_cat-home","8":"product_cat-beauty","10":"first","11":"instock","12":"sale","13":"taxable","14":"shipping-taxable","15":"purchasable","16":"product-type-simple"},"acf":[],"_links":{"self":[{"href":"https:\/\/non-stopshop.eu\/hu\/wp-json\/wp\/v2\/product\/2331","targetHints":{"allow":["GET"]}}],"collection":[{"href":"https:\/\/non-stopshop.eu\/hu\/wp-json\/wp\/v2\/product"}],"about":[{"href":"https:\/\/non-stopshop.eu\/hu\/wp-json\/wp\/v2\/types\/product"}],"replies":[{"embeddable":true,"href":"https:\/\/non-stopshop.eu\/hu\/wp-json\/wp\/v2\/comments?post=2331"}],"wp:featuredmedia":[{"embeddable":true,"href":"https:\/\/non-stopshop.eu\/hu\/wp-json\/wp\/v2\/media\/2285"}],"wp:attachment":[{"href":"https:\/\/non-stopshop.eu\/hu\/wp-json\/wp\/v2\/media?parent=2331"}],"wp:term":[{"taxonomy":"product_brand","embeddable":true,"href":"https:\/\/non-stopshop.eu\/hu\/wp-json\/wp\/v2\/product_brand?post=2331"},{"taxonomy":"product_cat","embeddable":true,"href":"https:\/\/non-stopshop.eu\/hu\/wp-json\/wp\/v2\/product_cat?post=2331"},{"taxonomy":"product_tag","embeddable":true,"href":"https:\/\/non-stopshop.eu\/hu\/wp-json\/wp\/v2\/product_tag?post=2331"}],"curies":[{"name":"wp","href":"https:\/\/api.w.org\/{rel}","templated":true}]}}