{"id":2332,"date":"2019-10-15T15:33:15","date_gmt":"2019-10-15T13:33:15","guid":{"rendered":"https:\/\/cartium.eu\/hu\/?post_type=product&#038;p=2332"},"modified":"2023-01-04T10:26:40","modified_gmt":"2023-01-04T09:26:40","slug":"11-ajandek-keratin-hajmaszk-hairsilky","status":"publish","type":"product","link":"https:\/\/non-stopshop.eu\/hu\/termek\/11-ajandek-keratin-hajmaszk-hairsilky\/","title":{"rendered":"1+1 AJ\u00c1ND\u00c9K Keratin hajmaszk &#8211; HairSilky"},"content":{"rendered":"<p>Regener\u00e1lja haj\u00e1t ezzel a forradalmian \u00faj, term\u00e9szetes \u00e9s kiv\u00e1l\u00f3 min\u0151s\u00e9g\u0171 keratin maszkkal, csup\u00e1n n\u00e9h\u00e1ny nap alatt \u00e9s l\u00e9gyen a sok el\u00e9gedett v\u00e1s\u00e1rl\u00f3 egyike!<\/p>\n","protected":false},"excerpt":{"rendered":"<p>Regener\u00e1lja haj\u00e1t ezzel a forradalmian \u00faj, term\u00e9szetes \u00e9s kiv\u00e1l\u00f3 min\u0151s\u00e9g\u0171 keratin maszkkal, csup\u00e1n n\u00e9h\u00e1ny nap alatt \u00e9s l\u00e9gyen a sok el\u00e9gedett v\u00e1s\u00e1rl\u00f3 egyike!<\/p>\n","protected":false},"featured_media":847,"comment_status":"closed","ping_status":"closed","template":"","meta":{"inline_featured_image":false},"product_brand":[],"product_cat":[15,28],"product_tag":[],"class_list":{"0":"post-2332","1":"product","2":"type-product","3":"status-publish","4":"has-post-thumbnail","6":"product_cat-uncategorized","7":"product_cat-beauty","9":"first","10":"instock","11":"sale","12":"taxable","13":"shipping-taxable","14":"purchasable","15":"product-type-simple"},"acf":[],"_links":{"self":[{"href":"https:\/\/non-stopshop.eu\/hu\/wp-json\/wp\/v2\/product\/2332","targetHints":{"allow":["GET"]}}],"collection":[{"href":"https:\/\/non-stopshop.eu\/hu\/wp-json\/wp\/v2\/product"}],"about":[{"href":"https:\/\/non-stopshop.eu\/hu\/wp-json\/wp\/v2\/types\/product"}],"replies":[{"embeddable":true,"href":"https:\/\/non-stopshop.eu\/hu\/wp-json\/wp\/v2\/comments?post=2332"}],"wp:featuredmedia":[{"embeddable":true,"href":"https:\/\/non-stopshop.eu\/hu\/wp-json\/wp\/v2\/media\/847"}],"wp:attachment":[{"href":"https:\/\/non-stopshop.eu\/hu\/wp-json\/wp\/v2\/media?parent=2332"}],"wp:term":[{"taxonomy":"product_brand","embeddable":true,"href":"https:\/\/non-stopshop.eu\/hu\/wp-json\/wp\/v2\/product_brand?post=2332"},{"taxonomy":"product_cat","embeddable":true,"href":"https:\/\/non-stopshop.eu\/hu\/wp-json\/wp\/v2\/product_cat?post=2332"},{"taxonomy":"product_tag","embeddable":true,"href":"https:\/\/non-stopshop.eu\/hu\/wp-json\/wp\/v2\/product_tag?post=2332"}],"curies":[{"name":"wp","href":"https:\/\/api.w.org\/{rel}","templated":true}]}}