{"id":2333,"date":"2019-10-15T15:34:11","date_gmt":"2019-10-15T13:34:11","guid":{"rendered":"https:\/\/cartium.eu\/hu\/?post_type=product&#038;p=2333"},"modified":"2021-10-20T09:11:49","modified_gmt":"2021-10-20T07:11:49","slug":"11-ajandek-fahoz-hasznalatos-sarokvago-miter","status":"publish","type":"product","link":"https:\/\/non-stopshop.eu\/hu\/termek\/11-ajandek-fahoz-hasznalatos-sarokvago-miter\/","title":{"rendered":"1+1 AJ\u00c1ND\u00c9K  F\u00e1hoz haszn\u00e1latos sarokv\u00e1g\u00f3 \u2013 Miter"},"content":{"rendered":"","protected":false},"excerpt":{"rendered":"<p>A fa megmunk\u00e1l\u00e1s \u00e9s a szil\u00e1rd k\u00f6t\u00e9sek 90 fokos sz\u00f6gben t\u00f6rt\u00e9n\u0151 elk\u00e9sz\u00edt\u00e9s\u00e9nek abszol\u00fat gy\u0151ztese ez az univerz\u00e1lis mar\u00f3g\u00e9p, amely lehet\u0151v\u00e9 teszi, hogy k\u00f6nnyebben \u00e9s gyorsabban v\u00e9gezze el a munk\u00e1t, ak\u00e1r otthon\u00e1ban vagy m\u0171hely\u00e9ben.<\/p>\n","protected":false},"featured_media":1435,"comment_status":"closed","ping_status":"closed","template":"","meta":{"inline_featured_image":false},"product_brand":[],"product_cat":[15],"product_tag":[],"class_list":{"0":"post-2333","1":"product","2":"type-product","3":"status-publish","4":"has-post-thumbnail","6":"product_cat-uncategorized","8":"first","9":"instock","10":"sale","11":"taxable","12":"shipping-taxable","13":"purchasable","14":"product-type-simple"},"acf":[],"_links":{"self":[{"href":"https:\/\/non-stopshop.eu\/hu\/wp-json\/wp\/v2\/product\/2333","targetHints":{"allow":["GET"]}}],"collection":[{"href":"https:\/\/non-stopshop.eu\/hu\/wp-json\/wp\/v2\/product"}],"about":[{"href":"https:\/\/non-stopshop.eu\/hu\/wp-json\/wp\/v2\/types\/product"}],"replies":[{"embeddable":true,"href":"https:\/\/non-stopshop.eu\/hu\/wp-json\/wp\/v2\/comments?post=2333"}],"wp:featuredmedia":[{"embeddable":true,"href":"https:\/\/non-stopshop.eu\/hu\/wp-json\/wp\/v2\/media\/1435"}],"wp:attachment":[{"href":"https:\/\/non-stopshop.eu\/hu\/wp-json\/wp\/v2\/media?parent=2333"}],"wp:term":[{"taxonomy":"product_brand","embeddable":true,"href":"https:\/\/non-stopshop.eu\/hu\/wp-json\/wp\/v2\/product_brand?post=2333"},{"taxonomy":"product_cat","embeddable":true,"href":"https:\/\/non-stopshop.eu\/hu\/wp-json\/wp\/v2\/product_cat?post=2333"},{"taxonomy":"product_tag","embeddable":true,"href":"https:\/\/non-stopshop.eu\/hu\/wp-json\/wp\/v2\/product_tag?post=2333"}],"curies":[{"name":"wp","href":"https:\/\/api.w.org\/{rel}","templated":true}]}}