{"id":2337,"date":"2019-10-18T13:22:12","date_gmt":"2019-10-18T11:22:12","guid":{"rendered":"https:\/\/cartium.eu\/hu\/?post_type=product&#038;p=2337"},"modified":"2023-01-10T11:39:25","modified_gmt":"2023-01-10T10:39:25","slug":"11-ajandek-furo-adapter-femvagashoz-metalcutter","status":"publish","type":"product","link":"https:\/\/non-stopshop.eu\/hu\/termek\/11-ajandek-furo-adapter-femvagashoz-metalcutter\/","title":{"rendered":"1+1 AJ\u00c1ND\u00c9K F\u00far\u00f3 adapter (f\u00e9mv\u00e1g\u00e1shoz) &#8211; MetalCutter"},"content":{"rendered":"","protected":false},"excerpt":{"rendered":"<p>A leghat\u00e9konyabb univerz\u00e1lis f\u00far\u00f3fej, amely megk\u00f6nny\u00edti a f\u00e9manyagok v\u00e1g\u00e1s\u00e1t.<\/p>\n","protected":false},"featured_media":2230,"comment_status":"closed","ping_status":"closed","template":"","meta":{"inline_featured_image":false},"product_brand":[],"product_cat":[15,24],"product_tag":[],"class_list":{"0":"post-2337","1":"product","2":"type-product","3":"status-publish","4":"has-post-thumbnail","6":"product_cat-uncategorized","7":"product_cat-sale","9":"first","10":"instock","11":"sale","12":"taxable","13":"shipping-taxable","14":"purchasable","15":"product-type-simple"},"acf":[],"_links":{"self":[{"href":"https:\/\/non-stopshop.eu\/hu\/wp-json\/wp\/v2\/product\/2337","targetHints":{"allow":["GET"]}}],"collection":[{"href":"https:\/\/non-stopshop.eu\/hu\/wp-json\/wp\/v2\/product"}],"about":[{"href":"https:\/\/non-stopshop.eu\/hu\/wp-json\/wp\/v2\/types\/product"}],"replies":[{"embeddable":true,"href":"https:\/\/non-stopshop.eu\/hu\/wp-json\/wp\/v2\/comments?post=2337"}],"wp:featuredmedia":[{"embeddable":true,"href":"https:\/\/non-stopshop.eu\/hu\/wp-json\/wp\/v2\/media\/2230"}],"wp:attachment":[{"href":"https:\/\/non-stopshop.eu\/hu\/wp-json\/wp\/v2\/media?parent=2337"}],"wp:term":[{"taxonomy":"product_brand","embeddable":true,"href":"https:\/\/non-stopshop.eu\/hu\/wp-json\/wp\/v2\/product_brand?post=2337"},{"taxonomy":"product_cat","embeddable":true,"href":"https:\/\/non-stopshop.eu\/hu\/wp-json\/wp\/v2\/product_cat?post=2337"},{"taxonomy":"product_tag","embeddable":true,"href":"https:\/\/non-stopshop.eu\/hu\/wp-json\/wp\/v2\/product_tag?post=2337"}],"curies":[{"name":"wp","href":"https:\/\/api.w.org\/{rel}","templated":true}]}}