{"id":2338,"date":"2019-10-18T13:23:30","date_gmt":"2019-10-18T11:23:30","guid":{"rendered":"https:\/\/cartium.eu\/hu\/?post_type=product&#038;p=2338"},"modified":"2021-10-20T09:11:15","modified_gmt":"2021-10-20T07:11:15","slug":"11-ajandek-univerzalis-csavarkulcs-kiegeszito-wrenchextension","status":"publish","type":"product","link":"https:\/\/non-stopshop.eu\/hu\/termek\/11-ajandek-univerzalis-csavarkulcs-kiegeszito-wrenchextension\/","title":{"rendered":"1+1 AJ\u00c1ND\u00c9K Univerz\u00e1lis csavarkulcs kieg\u00e9sz\u00edt\u0151 &#8211; WrenchExtension"},"content":{"rendered":"","protected":false},"excerpt":{"rendered":"<p>A WrenchExtension egy \u00faj gener\u00e1ci\u00f3s kieg\u00e9sz\u00edt\u0151 b\u00e1rmilyen t\u00edpus\u00fa csavarkulcshoz \u00e9s f\u00far\u00f3hoz, amelyek \u00e1tm\u00e9r\u0151je legfeljebb 0,3-9 mm, egy eszk\u00f6z amely seg\u00edts\u00e9g\u00e9vel k\u00f6nnyed\u00e9n hozz\u00e1f\u00e9rhet a nehezen el\u00e9rhet\u0151 helyekhez aut\u00f3j\u00e1ban, h\u00e1ztart\u00e1s\u00e1ban vagy hasonl\u00f3 helyeken.<\/p>\n","protected":false},"featured_media":2219,"comment_status":"closed","ping_status":"closed","template":"","meta":{"inline_featured_image":false},"product_brand":[],"product_cat":[15,25,27,24],"product_tag":[],"class_list":{"0":"post-2338","1":"product","2":"type-product","3":"status-publish","4":"has-post-thumbnail","6":"product_cat-uncategorized","7":"product_cat-car","8":"product_cat-home","9":"product_cat-sale","11":"first","12":"instock","13":"sale","14":"taxable","15":"shipping-taxable","16":"purchasable","17":"product-type-simple"},"acf":[],"_links":{"self":[{"href":"https:\/\/non-stopshop.eu\/hu\/wp-json\/wp\/v2\/product\/2338","targetHints":{"allow":["GET"]}}],"collection":[{"href":"https:\/\/non-stopshop.eu\/hu\/wp-json\/wp\/v2\/product"}],"about":[{"href":"https:\/\/non-stopshop.eu\/hu\/wp-json\/wp\/v2\/types\/product"}],"replies":[{"embeddable":true,"href":"https:\/\/non-stopshop.eu\/hu\/wp-json\/wp\/v2\/comments?post=2338"}],"wp:featuredmedia":[{"embeddable":true,"href":"https:\/\/non-stopshop.eu\/hu\/wp-json\/wp\/v2\/media\/2219"}],"wp:attachment":[{"href":"https:\/\/non-stopshop.eu\/hu\/wp-json\/wp\/v2\/media?parent=2338"}],"wp:term":[{"taxonomy":"product_brand","embeddable":true,"href":"https:\/\/non-stopshop.eu\/hu\/wp-json\/wp\/v2\/product_brand?post=2338"},{"taxonomy":"product_cat","embeddable":true,"href":"https:\/\/non-stopshop.eu\/hu\/wp-json\/wp\/v2\/product_cat?post=2338"},{"taxonomy":"product_tag","embeddable":true,"href":"https:\/\/non-stopshop.eu\/hu\/wp-json\/wp\/v2\/product_tag?post=2338"}],"curies":[{"name":"wp","href":"https:\/\/api.w.org\/{rel}","templated":true}]}}