{"id":2339,"date":"2019-10-18T13:24:58","date_gmt":"2019-10-18T11:24:58","guid":{"rendered":"https:\/\/cartium.eu\/hu\/?post_type=product&#038;p=2339"},"modified":"2023-01-10T11:31:36","modified_gmt":"2023-01-10T10:31:36","slug":"11-ajandek-folyekony-szigeteloszalag-flextape","status":"publish","type":"product","link":"https:\/\/non-stopshop.eu\/hu\/termek\/11-ajandek-folyekony-szigeteloszalag-flextape\/","title":{"rendered":"1+1 AJ\u00c1ND\u00c9K Foly\u00e9kony szigetel\u0151szalag &#8211; FlexTape"},"content":{"rendered":"<p>T\u00f6k\u00e9letes megold\u00e1s b\u00e1rmilyen elektromos vezet\u00e9k szigetel\u00e9s\u00e9re. Ezzel a rendk\u00edv\u00fcl praktikus \u00e9s biztons\u00e1gos szigetel\u0151folyad\u00e9kkal, b\u00e1rmilyen vezet\u00e9ket teljes m\u00e9rt\u00e9kben biztons\u00e1goss\u00e1 tehet, an\u00e9lk\u00fcl, hogy az k\u00e9s\u0151bb lev\u00e1lna, mint az a klasszikus szigetel\u0151szalagok eset\u00e9ben gyakran megt\u00f6rt\u00e9nik.<\/p>\n","protected":false},"excerpt":{"rendered":"<p>T\u00f6k\u00e9letes megold\u00e1s b\u00e1rmilyen elektromos vezet\u00e9k szigetel\u00e9s\u00e9re. Ezzel a rendk\u00edv\u00fcl praktikus \u00e9s biztons\u00e1gos szigetel\u0151folyad\u00e9kkal, b\u00e1rmilyen vezet\u00e9ket teljes m\u00e9rt\u00e9kben biztons\u00e1goss\u00e1 tehet, an\u00e9lk\u00fcl, hogy az k\u00e9s\u0151bb lev\u00e1lna, mint az a klasszikus szigetel\u0151szalagok eset\u00e9ben gyakran megt\u00f6rt\u00e9nik.<\/p>\n","protected":false},"featured_media":726,"comment_status":"closed","ping_status":"closed","template":"","meta":{"inline_featured_image":false},"product_brand":[],"product_cat":[15,27,24],"product_tag":[],"class_list":{"0":"post-2339","1":"product","2":"type-product","3":"status-publish","4":"has-post-thumbnail","6":"product_cat-uncategorized","7":"product_cat-home","8":"product_cat-sale","10":"first","11":"instock","12":"sale","13":"taxable","14":"shipping-taxable","15":"purchasable","16":"product-type-simple"},"acf":[],"_links":{"self":[{"href":"https:\/\/non-stopshop.eu\/hu\/wp-json\/wp\/v2\/product\/2339","targetHints":{"allow":["GET"]}}],"collection":[{"href":"https:\/\/non-stopshop.eu\/hu\/wp-json\/wp\/v2\/product"}],"about":[{"href":"https:\/\/non-stopshop.eu\/hu\/wp-json\/wp\/v2\/types\/product"}],"replies":[{"embeddable":true,"href":"https:\/\/non-stopshop.eu\/hu\/wp-json\/wp\/v2\/comments?post=2339"}],"wp:featuredmedia":[{"embeddable":true,"href":"https:\/\/non-stopshop.eu\/hu\/wp-json\/wp\/v2\/media\/726"}],"wp:attachment":[{"href":"https:\/\/non-stopshop.eu\/hu\/wp-json\/wp\/v2\/media?parent=2339"}],"wp:term":[{"taxonomy":"product_brand","embeddable":true,"href":"https:\/\/non-stopshop.eu\/hu\/wp-json\/wp\/v2\/product_brand?post=2339"},{"taxonomy":"product_cat","embeddable":true,"href":"https:\/\/non-stopshop.eu\/hu\/wp-json\/wp\/v2\/product_cat?post=2339"},{"taxonomy":"product_tag","embeddable":true,"href":"https:\/\/non-stopshop.eu\/hu\/wp-json\/wp\/v2\/product_tag?post=2339"}],"curies":[{"name":"wp","href":"https:\/\/api.w.org\/{rel}","templated":true}]}}