{"id":2340,"date":"2019-10-18T13:26:50","date_gmt":"2019-10-18T11:26:50","guid":{"rendered":"https:\/\/cartium.eu\/hu\/?post_type=product&#038;p=2340"},"modified":"2021-10-20T09:11:06","modified_gmt":"2021-10-20T07:11:06","slug":"11-ajandek-tobbfunkcios-aprito-cuttes","status":"publish","type":"product","link":"https:\/\/non-stopshop.eu\/hu\/termek\/11-ajandek-tobbfunkcios-aprito-cuttes\/","title":{"rendered":"1+1 AJ\u00c1ND\u00c9K T\u00f6bbfunkci\u00f3s apr\u00edt\u00f3 &#8211; Cuttes"},"content":{"rendered":"<p>Innovat\u00edv \u00e9s kiemelten praktikus, rozsdamentes ac\u00e9lb\u00f3l k\u00e9sz\u00fclt apr\u00edt\u00f3, h\u00e1rom k\u00fcl\u00f6nb\u00f6z\u0151 kieg\u00e9sz\u00edt\u0151vel, amelyek megk\u00f6nny\u00edtik az \u00d6n sz\u00e1m\u00e1ra a napi \u00e9telek elk\u00e9sz\u00edt\u00e9s\u00e9t \u00e9s apr\u00edt\u00e1s\u00e1t!<\/p>\n","protected":false},"excerpt":{"rendered":"<p>Innovat\u00edv \u00e9s kiemelten praktikus, rozsdamentes ac\u00e9lb\u00f3l k\u00e9sz\u00fclt apr\u00edt\u00f3, h\u00e1rom k\u00fcl\u00f6nb\u00f6z\u0151 kieg\u00e9sz\u00edt\u0151vel, amelyek megk\u00f6nny\u00edtik az \u00d6n sz\u00e1m\u00e1ra a napi \u00e9telek elk\u00e9sz\u00edt\u00e9s\u00e9t \u00e9s apr\u00edt\u00e1s\u00e1t!<\/p>\n","protected":false},"featured_media":281,"comment_status":"closed","ping_status":"closed","template":"","meta":{"inline_featured_image":false},"product_brand":[],"product_cat":[15,27,24],"product_tag":[],"class_list":{"0":"post-2340","1":"product","2":"type-product","3":"status-publish","4":"has-post-thumbnail","6":"product_cat-uncategorized","7":"product_cat-home","8":"product_cat-sale","10":"first","11":"instock","12":"sale","13":"taxable","14":"shipping-taxable","15":"purchasable","16":"product-type-simple"},"acf":[],"_links":{"self":[{"href":"https:\/\/non-stopshop.eu\/hu\/wp-json\/wp\/v2\/product\/2340","targetHints":{"allow":["GET"]}}],"collection":[{"href":"https:\/\/non-stopshop.eu\/hu\/wp-json\/wp\/v2\/product"}],"about":[{"href":"https:\/\/non-stopshop.eu\/hu\/wp-json\/wp\/v2\/types\/product"}],"replies":[{"embeddable":true,"href":"https:\/\/non-stopshop.eu\/hu\/wp-json\/wp\/v2\/comments?post=2340"}],"wp:featuredmedia":[{"embeddable":true,"href":"https:\/\/non-stopshop.eu\/hu\/wp-json\/wp\/v2\/media\/281"}],"wp:attachment":[{"href":"https:\/\/non-stopshop.eu\/hu\/wp-json\/wp\/v2\/media?parent=2340"}],"wp:term":[{"taxonomy":"product_brand","embeddable":true,"href":"https:\/\/non-stopshop.eu\/hu\/wp-json\/wp\/v2\/product_brand?post=2340"},{"taxonomy":"product_cat","embeddable":true,"href":"https:\/\/non-stopshop.eu\/hu\/wp-json\/wp\/v2\/product_cat?post=2340"},{"taxonomy":"product_tag","embeddable":true,"href":"https:\/\/non-stopshop.eu\/hu\/wp-json\/wp\/v2\/product_tag?post=2340"}],"curies":[{"name":"wp","href":"https:\/\/api.w.org\/{rel}","templated":true}]}}