{"id":2343,"date":"2021-10-20T11:16:23","date_gmt":"2021-10-20T09:16:23","guid":{"rendered":"https:\/\/cartium.eu\/hu\/?post_type=product&#038;p=2343"},"modified":"2021-11-09T08:13:22","modified_gmt":"2021-11-09T07:13:22","slug":"napelemes-lampa-hamis-biztonsagi-kamera-solcam","status":"publish","type":"product","link":"https:\/\/non-stopshop.eu\/hu\/termek\/napelemes-lampa-hamis-biztonsagi-kamera-solcam\/","title":{"rendered":"Napelemes l\u00e1mpa &#8211; Hamis biztons\u00e1gi kamera &#8211; SolCam"},"content":{"rendered":"","protected":false},"excerpt":{"rendered":"<p><span style=\"font-weight: 400\">Forradalmi term\u00e9k, amely elegend\u0151 biztons\u00e1got ny\u00fajt tulajdona v\u00e9delm\u00e9ben, \u00e1m val\u00f3j\u00e1ban csak egy t\u00e9rfigyel\u0151 kamer\u00e1nak \u00e1lc\u00e1zott LED l\u00e1mpa, ami m\u00e9g PIR mozg\u00e1s\u00e9rz\u00e9kel\u0151vel is rendelkezik!<\/span><\/p>\n","protected":false},"featured_media":2353,"comment_status":"closed","ping_status":"closed","template":"","meta":{"inline_featured_image":false},"product_brand":[],"product_cat":[15,27],"product_tag":[],"class_list":{"0":"post-2343","1":"product","2":"type-product","3":"status-publish","4":"has-post-thumbnail","6":"product_cat-uncategorized","7":"product_cat-home","9":"first","10":"instock","11":"sale","12":"taxable","13":"shipping-taxable","14":"purchasable","15":"product-type-simple"},"acf":[],"_links":{"self":[{"href":"https:\/\/non-stopshop.eu\/hu\/wp-json\/wp\/v2\/product\/2343","targetHints":{"allow":["GET"]}}],"collection":[{"href":"https:\/\/non-stopshop.eu\/hu\/wp-json\/wp\/v2\/product"}],"about":[{"href":"https:\/\/non-stopshop.eu\/hu\/wp-json\/wp\/v2\/types\/product"}],"replies":[{"embeddable":true,"href":"https:\/\/non-stopshop.eu\/hu\/wp-json\/wp\/v2\/comments?post=2343"}],"wp:featuredmedia":[{"embeddable":true,"href":"https:\/\/non-stopshop.eu\/hu\/wp-json\/wp\/v2\/media\/2353"}],"wp:attachment":[{"href":"https:\/\/non-stopshop.eu\/hu\/wp-json\/wp\/v2\/media?parent=2343"}],"wp:term":[{"taxonomy":"product_brand","embeddable":true,"href":"https:\/\/non-stopshop.eu\/hu\/wp-json\/wp\/v2\/product_brand?post=2343"},{"taxonomy":"product_cat","embeddable":true,"href":"https:\/\/non-stopshop.eu\/hu\/wp-json\/wp\/v2\/product_cat?post=2343"},{"taxonomy":"product_tag","embeddable":true,"href":"https:\/\/non-stopshop.eu\/hu\/wp-json\/wp\/v2\/product_tag?post=2343"}],"curies":[{"name":"wp","href":"https:\/\/api.w.org\/{rel}","templated":true}]}}