{"id":2376,"date":"2021-11-08T13:57:46","date_gmt":"2021-11-08T12:57:46","guid":{"rendered":"https:\/\/non-stopshop.eu\/hu\/?post_type=product&#038;p=2376"},"modified":"2021-11-09T08:09:17","modified_gmt":"2021-11-09T07:09:17","slug":"valosaghu-elektromos-jatekhal-fishat","status":"publish","type":"product","link":"https:\/\/non-stopshop.eu\/hu\/termek\/valosaghu-elektromos-jatekhal-fishat\/","title":{"rendered":"Val\u00f3s\u00e1gh\u0171 elektromos j\u00e1t\u00e9khal &#8211; Fishat"},"content":{"rendered":"","protected":false},"excerpt":{"rendered":"<p>Egy \u00e9rdekes j\u00e1t\u00e9k, amely kin\u00e9zetre megk\u00fcl\u00f6nb\u00f6zhetetlen egy igazi halt\u00f3l, mert mozog \u00e9s k\u00f6veti kedvence mozg\u00e1s\u00e1t.<\/p>\n","protected":false},"featured_media":2379,"comment_status":"closed","ping_status":"closed","template":"","meta":{"inline_featured_image":false},"product_brand":[],"product_cat":[15,27,35],"product_tag":[],"class_list":{"0":"post-2376","1":"product","2":"type-product","3":"status-publish","4":"has-post-thumbnail","6":"product_cat-uncategorized","7":"product_cat-home","8":"product_cat-fun","10":"first","11":"instock","12":"sale","13":"taxable","14":"shipping-taxable","15":"purchasable","16":"product-type-simple"},"acf":[],"_links":{"self":[{"href":"https:\/\/non-stopshop.eu\/hu\/wp-json\/wp\/v2\/product\/2376","targetHints":{"allow":["GET"]}}],"collection":[{"href":"https:\/\/non-stopshop.eu\/hu\/wp-json\/wp\/v2\/product"}],"about":[{"href":"https:\/\/non-stopshop.eu\/hu\/wp-json\/wp\/v2\/types\/product"}],"replies":[{"embeddable":true,"href":"https:\/\/non-stopshop.eu\/hu\/wp-json\/wp\/v2\/comments?post=2376"}],"wp:featuredmedia":[{"embeddable":true,"href":"https:\/\/non-stopshop.eu\/hu\/wp-json\/wp\/v2\/media\/2379"}],"wp:attachment":[{"href":"https:\/\/non-stopshop.eu\/hu\/wp-json\/wp\/v2\/media?parent=2376"}],"wp:term":[{"taxonomy":"product_brand","embeddable":true,"href":"https:\/\/non-stopshop.eu\/hu\/wp-json\/wp\/v2\/product_brand?post=2376"},{"taxonomy":"product_cat","embeddable":true,"href":"https:\/\/non-stopshop.eu\/hu\/wp-json\/wp\/v2\/product_cat?post=2376"},{"taxonomy":"product_tag","embeddable":true,"href":"https:\/\/non-stopshop.eu\/hu\/wp-json\/wp\/v2\/product_tag?post=2376"}],"curies":[{"name":"wp","href":"https:\/\/api.w.org\/{rel}","templated":true}]}}