{"id":2450,"date":"2021-12-10T15:42:46","date_gmt":"2021-12-10T14:42:46","guid":{"rendered":"https:\/\/non-stopshop.eu\/hu\/?post_type=product&#038;p=2450"},"modified":"2023-01-10T11:25:42","modified_gmt":"2023-01-10T10:25:42","slug":"karacsonyi-mikulasdisz-santas","status":"publish","type":"product","link":"https:\/\/non-stopshop.eu\/hu\/termek\/karacsonyi-mikulasdisz-santas\/","title":{"rendered":"Kar\u00e1csonyi mikul\u00e1sd\u00edsz &#8211; Santas"},"content":{"rendered":"","protected":false},"excerpt":{"rendered":"<p>K\u00f6zelegnek az \u00fcnnepek, eg\u00e9sz\u00edtse ki kar\u00e1csonyfad\u00edsz-gy\u0171jtem\u00e9ny\u00e9t ezzel az innovat\u00edv \u00e9s szupermen\u0151 megjelen\u00e9s\u0171 \u00e9s hangz\u00e1s\u00fa mikul\u00e1sd\u00edszt \u00e9s \u00f6rvendeztesse meg gyermekeit<\/p>\n","protected":false},"featured_media":2456,"comment_status":"closed","ping_status":"closed","template":"","meta":{"inline_featured_image":false},"product_brand":[],"product_cat":[15,27,36,35],"product_tag":[],"class_list":{"0":"post-2450","1":"product","2":"type-product","3":"status-publish","4":"has-post-thumbnail","6":"product_cat-uncategorized","7":"product_cat-home","8":"product_cat-seasonal-discounts","9":"product_cat-fun","11":"first","12":"instock","13":"sale","14":"taxable","15":"shipping-taxable","16":"purchasable","17":"product-type-simple"},"acf":[],"_links":{"self":[{"href":"https:\/\/non-stopshop.eu\/hu\/wp-json\/wp\/v2\/product\/2450","targetHints":{"allow":["GET"]}}],"collection":[{"href":"https:\/\/non-stopshop.eu\/hu\/wp-json\/wp\/v2\/product"}],"about":[{"href":"https:\/\/non-stopshop.eu\/hu\/wp-json\/wp\/v2\/types\/product"}],"replies":[{"embeddable":true,"href":"https:\/\/non-stopshop.eu\/hu\/wp-json\/wp\/v2\/comments?post=2450"}],"wp:featuredmedia":[{"embeddable":true,"href":"https:\/\/non-stopshop.eu\/hu\/wp-json\/wp\/v2\/media\/2456"}],"wp:attachment":[{"href":"https:\/\/non-stopshop.eu\/hu\/wp-json\/wp\/v2\/media?parent=2450"}],"wp:term":[{"taxonomy":"product_brand","embeddable":true,"href":"https:\/\/non-stopshop.eu\/hu\/wp-json\/wp\/v2\/product_brand?post=2450"},{"taxonomy":"product_cat","embeddable":true,"href":"https:\/\/non-stopshop.eu\/hu\/wp-json\/wp\/v2\/product_cat?post=2450"},{"taxonomy":"product_tag","embeddable":true,"href":"https:\/\/non-stopshop.eu\/hu\/wp-json\/wp\/v2\/product_tag?post=2450"}],"curies":[{"name":"wp","href":"https:\/\/api.w.org\/{rel}","templated":true}]}}