{"id":2467,"date":"2021-12-10T23:05:03","date_gmt":"2021-12-10T22:05:03","guid":{"rendered":"https:\/\/non-stopshop.eu\/hu\/?post_type=product&#038;p=2467"},"modified":"2023-05-11T11:15:42","modified_gmt":"2023-05-11T09:15:42","slug":"taviranyitos-led-lampa-disz-ledlight","status":"publish","type":"product","link":"https:\/\/non-stopshop.eu\/hu\/termek\/taviranyitos-led-lampa-disz-ledlight\/","title":{"rendered":"T\u00e1vir\u00e1ny\u00edt\u00f3s LED l\u00e1mpa d\u00edsz &#8211; Ledlight"},"content":{"rendered":"","protected":false},"excerpt":{"rendered":"<p id=\"tw-target-text\" class=\"tw-data-text tw-text-large tw-ta\" dir=\"ltr\" data-placeholder=\"Prijevod\">A t\u00f6k\u00e9letes dekorat\u00edv LED l\u00e1mp\u00e1k okostelefonon kereszt\u00fcl is vez\u00e9relhet\u0151k \u00e9s t\u00f6k\u00e9letes hangulatot teremtenek az \u00fcnnepek, \u00faj\u00e9v \u00e9s kar\u00e1csony idej\u00e9n, kiv\u00e1l\u00f3 min\u0151s\u00e9g\u0171 \u00e9s k\u00fcl\u00f6nb\u00f6z\u0151 sz\u00ednvari\u00e1ci\u00f3k hat\u00e1sa \u00e1ltal \u00e9rdekes hangulatot \u00e9s l\u00e9gk\u00f6rt teremt.<\/p>\n","protected":false},"featured_media":7609,"comment_status":"closed","ping_status":"closed","template":"","meta":{"inline_featured_image":false},"product_brand":[],"product_cat":[15,27,36,35],"product_tag":[],"class_list":{"0":"post-2467","1":"product","2":"type-product","3":"status-publish","4":"has-post-thumbnail","6":"product_cat-uncategorized","7":"product_cat-home","8":"product_cat-seasonal-discounts","9":"product_cat-fun","11":"first","12":"instock","13":"sale","14":"taxable","15":"shipping-taxable","16":"purchasable","17":"product-type-simple"},"acf":[],"_links":{"self":[{"href":"https:\/\/non-stopshop.eu\/hu\/wp-json\/wp\/v2\/product\/2467","targetHints":{"allow":["GET"]}}],"collection":[{"href":"https:\/\/non-stopshop.eu\/hu\/wp-json\/wp\/v2\/product"}],"about":[{"href":"https:\/\/non-stopshop.eu\/hu\/wp-json\/wp\/v2\/types\/product"}],"replies":[{"embeddable":true,"href":"https:\/\/non-stopshop.eu\/hu\/wp-json\/wp\/v2\/comments?post=2467"}],"wp:featuredmedia":[{"embeddable":true,"href":"https:\/\/non-stopshop.eu\/hu\/wp-json\/wp\/v2\/media\/7609"}],"wp:attachment":[{"href":"https:\/\/non-stopshop.eu\/hu\/wp-json\/wp\/v2\/media?parent=2467"}],"wp:term":[{"taxonomy":"product_brand","embeddable":true,"href":"https:\/\/non-stopshop.eu\/hu\/wp-json\/wp\/v2\/product_brand?post=2467"},{"taxonomy":"product_cat","embeddable":true,"href":"https:\/\/non-stopshop.eu\/hu\/wp-json\/wp\/v2\/product_cat?post=2467"},{"taxonomy":"product_tag","embeddable":true,"href":"https:\/\/non-stopshop.eu\/hu\/wp-json\/wp\/v2\/product_tag?post=2467"}],"curies":[{"name":"wp","href":"https:\/\/api.w.org\/{rel}","templated":true}]}}