{"id":2497,"date":"2022-01-22T16:18:51","date_gmt":"2022-01-22T15:18:51","guid":{"rendered":"https:\/\/non-stopshop.eu\/hu\/?post_type=product&#038;p=2497"},"modified":"2023-01-10T11:25:00","modified_gmt":"2023-01-10T10:25:00","slug":"tobbfunkcios-gipszkartonvago-cutex","status":"publish","type":"product","link":"https:\/\/non-stopshop.eu\/hu\/termek\/tobbfunkcios-gipszkartonvago-cutex\/","title":{"rendered":"T\u00f6bbfunkci\u00f3s gipszkartonv\u00e1g\u00f3 &#8211; Cutex"},"content":{"rendered":"","protected":false},"excerpt":{"rendered":"<p>Jel\u00f6lj\u00f6n teljes hossz\u00e1ban a mell\u00e9kelt \u00e1csceruz\u00e1val, amely t\u00f6k\u00e9letesen beleillik a tart\u00f3ba.<\/p>\n","protected":false},"featured_media":2498,"comment_status":"closed","ping_status":"closed","template":"","meta":{"inline_featured_image":false},"product_brand":[],"product_cat":[15,27],"product_tag":[],"class_list":{"0":"post-2497","1":"product","2":"type-product","3":"status-publish","4":"has-post-thumbnail","6":"product_cat-uncategorized","7":"product_cat-home","9":"first","10":"instock","11":"sale","12":"taxable","13":"shipping-taxable","14":"purchasable","15":"product-type-simple"},"acf":[],"_links":{"self":[{"href":"https:\/\/non-stopshop.eu\/hu\/wp-json\/wp\/v2\/product\/2497","targetHints":{"allow":["GET"]}}],"collection":[{"href":"https:\/\/non-stopshop.eu\/hu\/wp-json\/wp\/v2\/product"}],"about":[{"href":"https:\/\/non-stopshop.eu\/hu\/wp-json\/wp\/v2\/types\/product"}],"replies":[{"embeddable":true,"href":"https:\/\/non-stopshop.eu\/hu\/wp-json\/wp\/v2\/comments?post=2497"}],"wp:featuredmedia":[{"embeddable":true,"href":"https:\/\/non-stopshop.eu\/hu\/wp-json\/wp\/v2\/media\/2498"}],"wp:attachment":[{"href":"https:\/\/non-stopshop.eu\/hu\/wp-json\/wp\/v2\/media?parent=2497"}],"wp:term":[{"taxonomy":"product_brand","embeddable":true,"href":"https:\/\/non-stopshop.eu\/hu\/wp-json\/wp\/v2\/product_brand?post=2497"},{"taxonomy":"product_cat","embeddable":true,"href":"https:\/\/non-stopshop.eu\/hu\/wp-json\/wp\/v2\/product_cat?post=2497"},{"taxonomy":"product_tag","embeddable":true,"href":"https:\/\/non-stopshop.eu\/hu\/wp-json\/wp\/v2\/product_tag?post=2497"}],"curies":[{"name":"wp","href":"https:\/\/api.w.org\/{rel}","templated":true}]}}