{"id":2690,"date":"2022-03-24T16:15:24","date_gmt":"2022-03-24T15:15:24","guid":{"rendered":"https:\/\/non-stopshop.eu\/hu\/?post_type=product&#038;p=2690"},"modified":"2023-01-10T11:24:18","modified_gmt":"2023-01-10T10:24:18","slug":"levegovel-mukodo-borfeszesito-ov-arcra-lifty","status":"publish","type":"product","link":"https:\/\/non-stopshop.eu\/hu\/termek\/levegovel-mukodo-borfeszesito-ov-arcra-lifty\/","title":{"rendered":"Leveg\u0151vel m\u0171k\u00f6d\u0151 b\u0151rfeszes\u00edt\u0151 \u00f6v arcra-  Lifty"},"content":{"rendered":"","protected":false},"excerpt":{"rendered":"<p id=\"tw-target-text\" class=\"tw-data-text tw-text-large tw-ta\" dir=\"ltr\" data-placeholder=\"Prijevod\">A Lifty az arcon hat\u00e9konyan \u00e9s teljesen megemeli az ajkak, az arc \u00e9s a nyak izmait dr\u00e1ga kezel\u00e9sek \u00e9s botox n\u00e9lk\u00fcl. T\u00f6lts\u00f6n fiatalosabb megjelen\u00e9st \u00e9s \u00e9lvezze az \u00e9letet ezzel az egyed\u00fcl\u00e1ll\u00f3 term\u00e9kkel!<\/p>\n","protected":false},"featured_media":2691,"comment_status":"closed","ping_status":"closed","template":"","meta":{"inline_featured_image":false},"product_brand":[],"product_cat":[15,28,26],"product_tag":[],"class_list":{"0":"post-2690","1":"product","2":"type-product","3":"status-publish","4":"has-post-thumbnail","6":"product_cat-uncategorized","7":"product_cat-beauty","8":"product_cat-health","10":"first","11":"instock","12":"sale","13":"taxable","14":"shipping-taxable","15":"purchasable","16":"product-type-simple"},"acf":[],"_links":{"self":[{"href":"https:\/\/non-stopshop.eu\/hu\/wp-json\/wp\/v2\/product\/2690","targetHints":{"allow":["GET"]}}],"collection":[{"href":"https:\/\/non-stopshop.eu\/hu\/wp-json\/wp\/v2\/product"}],"about":[{"href":"https:\/\/non-stopshop.eu\/hu\/wp-json\/wp\/v2\/types\/product"}],"replies":[{"embeddable":true,"href":"https:\/\/non-stopshop.eu\/hu\/wp-json\/wp\/v2\/comments?post=2690"}],"wp:featuredmedia":[{"embeddable":true,"href":"https:\/\/non-stopshop.eu\/hu\/wp-json\/wp\/v2\/media\/2691"}],"wp:attachment":[{"href":"https:\/\/non-stopshop.eu\/hu\/wp-json\/wp\/v2\/media?parent=2690"}],"wp:term":[{"taxonomy":"product_brand","embeddable":true,"href":"https:\/\/non-stopshop.eu\/hu\/wp-json\/wp\/v2\/product_brand?post=2690"},{"taxonomy":"product_cat","embeddable":true,"href":"https:\/\/non-stopshop.eu\/hu\/wp-json\/wp\/v2\/product_cat?post=2690"},{"taxonomy":"product_tag","embeddable":true,"href":"https:\/\/non-stopshop.eu\/hu\/wp-json\/wp\/v2\/product_tag?post=2690"}],"curies":[{"name":"wp","href":"https:\/\/api.w.org\/{rel}","templated":true}]}}