{"id":2782,"date":"2022-04-28T18:41:11","date_gmt":"2022-04-28T16:41:11","guid":{"rendered":"https:\/\/non-stopshop.eu\/hu\/?post_type=product&#038;p=2782"},"modified":"2023-04-28T14:08:56","modified_gmt":"2023-04-28T12:08:56","slug":"kezi-butorjavito-keszlet","status":"publish","type":"product","link":"https:\/\/non-stopshop.eu\/hu\/termek\/kezi-butorjavito-keszlet\/","title":{"rendered":"K\u00e9zi b\u00fatorjav\u00edt\u00f3 k\u00e9szlet"},"content":{"rendered":"<p>Jav\u00edtsa meg a kisebb karcol\u00e1sokat b\u00e1rmilyen padl\u00f3burkolaton vagy egy\u00e9b b\u00fatoron \u00e9s fafel\u00fcleten. Ide\u00e1lis parkett\u00e1hoz, lamin\u00e1lt padl\u00f3hoz, munkalapokhoz vagy b\u00fatorokhoz \u00e9s faanyagokhoz.<\/p>\n","protected":false},"excerpt":{"rendered":"<p id=\"tw-target-text\" class=\"tw-data-text tw-text-large tw-ta\" dir=\"ltr\" data-placeholder=\"Prijevod\">Jav\u00edtsa meg a kisebb karcol\u00e1sokat b\u00e1rmilyen padl\u00f3burkolaton vagy egy\u00e9b b\u00fatoron \u00e9s fafel\u00fcleten. Ide\u00e1lis parkett\u00e1hoz, lamin\u00e1lt padl\u00f3hoz, munkalapokhoz vagy b\u00fatorokhoz \u00e9s faanyagokhoz.<\/p>\n","protected":false},"featured_media":2783,"comment_status":"closed","ping_status":"closed","template":"","meta":{"inline_featured_image":false},"product_brand":[],"product_cat":[15,27,36],"product_tag":[],"class_list":{"0":"post-2782","1":"product","2":"type-product","3":"status-publish","4":"has-post-thumbnail","6":"product_cat-uncategorized","7":"product_cat-home","8":"product_cat-seasonal-discounts","10":"first","11":"instock","12":"sale","13":"taxable","14":"shipping-taxable","15":"purchasable","16":"product-type-simple"},"acf":[],"_links":{"self":[{"href":"https:\/\/non-stopshop.eu\/hu\/wp-json\/wp\/v2\/product\/2782","targetHints":{"allow":["GET"]}}],"collection":[{"href":"https:\/\/non-stopshop.eu\/hu\/wp-json\/wp\/v2\/product"}],"about":[{"href":"https:\/\/non-stopshop.eu\/hu\/wp-json\/wp\/v2\/types\/product"}],"replies":[{"embeddable":true,"href":"https:\/\/non-stopshop.eu\/hu\/wp-json\/wp\/v2\/comments?post=2782"}],"wp:featuredmedia":[{"embeddable":true,"href":"https:\/\/non-stopshop.eu\/hu\/wp-json\/wp\/v2\/media\/2783"}],"wp:attachment":[{"href":"https:\/\/non-stopshop.eu\/hu\/wp-json\/wp\/v2\/media?parent=2782"}],"wp:term":[{"taxonomy":"product_brand","embeddable":true,"href":"https:\/\/non-stopshop.eu\/hu\/wp-json\/wp\/v2\/product_brand?post=2782"},{"taxonomy":"product_cat","embeddable":true,"href":"https:\/\/non-stopshop.eu\/hu\/wp-json\/wp\/v2\/product_cat?post=2782"},{"taxonomy":"product_tag","embeddable":true,"href":"https:\/\/non-stopshop.eu\/hu\/wp-json\/wp\/v2\/product_tag?post=2782"}],"curies":[{"name":"wp","href":"https:\/\/api.w.org\/{rel}","templated":true}]}}