{"id":3077,"date":"2022-05-22T11:14:41","date_gmt":"2022-05-22T09:14:41","guid":{"rendered":"https:\/\/non-stopshop.eu\/hu\/?post_type=product&#038;p=3077"},"modified":"2023-01-10T11:22:55","modified_gmt":"2023-01-10T10:22:55","slug":"11-ajandek-ontapado-szempillak-tobbszori-hasznalatra-reuselash","status":"publish","type":"product","link":"https:\/\/non-stopshop.eu\/hu\/termek\/11-ajandek-ontapado-szempillak-tobbszori-hasznalatra-reuselash\/","title":{"rendered":"1+1 AJ\u00c1ND\u00c9K  \u00d6ntapad\u00f3 szempill\u00e1k t\u00f6bbsz\u00f6ri haszn\u00e1latra &#8211; Reuselash"},"content":{"rendered":"","protected":false},"excerpt":{"rendered":"<p id=\"tw-target-text\" class=\"tw-data-text tw-text-large tw-ta\" dir=\"ltr\" data-placeholder=\"Prijevod\">Pr\u00f3b\u00e1lja ki t\u00f6bbsz\u00f6r haszn\u00e1latos \u00f6ntapad\u00f3 szempill\u00e1inkat, amelyek egyszer\u0171en \u00e9s gyorsan felragaszthat\u00f3k, leegyszer\u0171s\u00edtve \u00edgy a sminkel\u00e9s folyamat\u00e1t. Term\u00e9szetes megjelen\u00e9s\u0171, ak\u00e1rcsak a saj\u00e1t szempill\u00e1ja \u00e9s \u00fajra felhaszn\u00e1lhat\u00f3.<\/p>\n","protected":false},"featured_media":2635,"comment_status":"closed","ping_status":"closed","template":"","meta":{"inline_featured_image":false},"product_brand":[],"product_cat":[15,28,24],"product_tag":[],"class_list":{"0":"post-3077","1":"product","2":"type-product","3":"status-publish","4":"has-post-thumbnail","6":"product_cat-uncategorized","7":"product_cat-beauty","8":"product_cat-sale","10":"first","11":"instock","12":"sale","13":"taxable","14":"shipping-taxable","15":"purchasable","16":"product-type-simple"},"acf":[],"_links":{"self":[{"href":"https:\/\/non-stopshop.eu\/hu\/wp-json\/wp\/v2\/product\/3077","targetHints":{"allow":["GET"]}}],"collection":[{"href":"https:\/\/non-stopshop.eu\/hu\/wp-json\/wp\/v2\/product"}],"about":[{"href":"https:\/\/non-stopshop.eu\/hu\/wp-json\/wp\/v2\/types\/product"}],"replies":[{"embeddable":true,"href":"https:\/\/non-stopshop.eu\/hu\/wp-json\/wp\/v2\/comments?post=3077"}],"wp:featuredmedia":[{"embeddable":true,"href":"https:\/\/non-stopshop.eu\/hu\/wp-json\/wp\/v2\/media\/2635"}],"wp:attachment":[{"href":"https:\/\/non-stopshop.eu\/hu\/wp-json\/wp\/v2\/media?parent=3077"}],"wp:term":[{"taxonomy":"product_brand","embeddable":true,"href":"https:\/\/non-stopshop.eu\/hu\/wp-json\/wp\/v2\/product_brand?post=3077"},{"taxonomy":"product_cat","embeddable":true,"href":"https:\/\/non-stopshop.eu\/hu\/wp-json\/wp\/v2\/product_cat?post=3077"},{"taxonomy":"product_tag","embeddable":true,"href":"https:\/\/non-stopshop.eu\/hu\/wp-json\/wp\/v2\/product_tag?post=3077"}],"curies":[{"name":"wp","href":"https:\/\/api.w.org\/{rel}","templated":true}]}}