{"id":320,"date":"2020-12-01T10:25:37","date_gmt":"2020-12-01T09:25:37","guid":{"rendered":"https:\/\/shopium.eu\/rs\/?post_type=product&#038;p=320"},"modified":"2021-10-06T14:12:30","modified_gmt":"2021-10-06T12:12:30","slug":"professzionalis-hordozhato-taskazar-sealant","status":"publish","type":"product","link":"https:\/\/non-stopshop.eu\/hu\/termek\/professzionalis-hordozhato-taskazar-sealant\/","title":{"rendered":"Professzion\u00e1lis hordozhat\u00f3 t\u00e1skaz\u00e1r &#8211; Sealant"},"content":{"rendered":"<p>A h\u0151 \u00e1ltal m\u0171k\u00f6d\u0151 tasakz\u00e1rnak k\u00f6sz\u00f6nhet\u0151en meg\u0151rizheti \u00e9telei min\u0151s\u00e9g\u00e9t \u00e9s frissess\u00e9g\u00e9t, valamint maxim\u00e1lis hat\u00e9konys\u00e1ggal \u00e9s egyszer\u0171en teheti mindezt.<\/p>\n","protected":false},"excerpt":{"rendered":"<p>A h\u0151 \u00e1ltal m\u0171k\u00f6d\u0151 tasakz\u00e1rnak k\u00f6sz\u00f6nhet\u0151en meg\u0151rizheti \u00e9telei min\u0151s\u00e9g\u00e9t \u00e9s frissess\u00e9g\u00e9t, valamint maxim\u00e1lis hat\u00e9konys\u00e1ggal \u00e9s egyszer\u0171en teheti mindezt.<\/p>\n","protected":false},"featured_media":326,"comment_status":"closed","ping_status":"closed","template":"","meta":{"inline_featured_image":false},"product_brand":[],"product_cat":[15,27,24],"product_tag":[],"class_list":{"0":"post-320","1":"product","2":"type-product","3":"status-publish","4":"has-post-thumbnail","6":"product_cat-uncategorized","7":"product_cat-home","8":"product_cat-sale","10":"first","11":"instock","12":"sale","13":"taxable","14":"shipping-taxable","15":"purchasable","16":"product-type-simple"},"acf":[],"_links":{"self":[{"href":"https:\/\/non-stopshop.eu\/hu\/wp-json\/wp\/v2\/product\/320","targetHints":{"allow":["GET"]}}],"collection":[{"href":"https:\/\/non-stopshop.eu\/hu\/wp-json\/wp\/v2\/product"}],"about":[{"href":"https:\/\/non-stopshop.eu\/hu\/wp-json\/wp\/v2\/types\/product"}],"replies":[{"embeddable":true,"href":"https:\/\/non-stopshop.eu\/hu\/wp-json\/wp\/v2\/comments?post=320"}],"wp:featuredmedia":[{"embeddable":true,"href":"https:\/\/non-stopshop.eu\/hu\/wp-json\/wp\/v2\/media\/326"}],"wp:attachment":[{"href":"https:\/\/non-stopshop.eu\/hu\/wp-json\/wp\/v2\/media?parent=320"}],"wp:term":[{"taxonomy":"product_brand","embeddable":true,"href":"https:\/\/non-stopshop.eu\/hu\/wp-json\/wp\/v2\/product_brand?post=320"},{"taxonomy":"product_cat","embeddable":true,"href":"https:\/\/non-stopshop.eu\/hu\/wp-json\/wp\/v2\/product_cat?post=320"},{"taxonomy":"product_tag","embeddable":true,"href":"https:\/\/non-stopshop.eu\/hu\/wp-json\/wp\/v2\/product_tag?post=320"}],"curies":[{"name":"wp","href":"https:\/\/api.w.org\/{rel}","templated":true}]}}