{"id":3305,"date":"2022-06-06T15:23:45","date_gmt":"2022-06-06T13:23:45","guid":{"rendered":"https:\/\/non-stopshop.eu\/hu\/?post_type=product&#038;p=3305"},"modified":"2023-01-10T11:22:44","modified_gmt":"2023-01-10T10:22:44","slug":"5-darabos-horgaszcsali-keszlet-ultralure","status":"publish","type":"product","link":"https:\/\/non-stopshop.eu\/hu\/termek\/5-darabos-horgaszcsali-keszlet-ultralure\/","title":{"rendered":"5 darabos &#8211; Horg\u00e1szcsali k\u00e9szlet-UltraLure"},"content":{"rendered":"<p>A csali \u00fagy lett megtervezve, hogy val\u00f3s\u00e1gh\u0171 kin\u00e9zete legyen \u00e9s \u00fagy \u00fasszon mint egy sebzett hal. B\u00e1rmilyen m\u00e9ret\u0171 ragadoz\u00f3hal gyorsan lecsap majd a csalira! Ide\u00e1lis csali a tengerben \u00e9s \u00e9desv\u00edzben t\u00f6rt\u00e9n\u0151 horg\u00e1szathoz!<\/p>\n","protected":false},"excerpt":{"rendered":"<p id=\"tw-target-text\" class=\"tw-data-text tw-text-large tw-ta\" dir=\"ltr\" data-placeholder=\"Prijevod\">A csali \u00fagy lett megtervezve, hogy val\u00f3s\u00e1gh\u0171 kin\u00e9zete legyen \u00e9s \u00fagy \u00fasszon mint egy sebzett hal. B\u00e1rmilyen m\u00e9ret\u0171 ragadoz\u00f3hal gyorsan lecsap majd a csalira! Ide\u00e1lis csali a tengerben \u00e9s \u00e9desv\u00edzben t\u00f6rt\u00e9n\u0151 horg\u00e1szathoz!<\/p>\n","protected":false},"featured_media":3310,"comment_status":"closed","ping_status":"closed","template":"","meta":{"inline_featured_image":false},"product_brand":[],"product_cat":[15,27,35],"product_tag":[],"class_list":{"0":"post-3305","1":"product","2":"type-product","3":"status-publish","4":"has-post-thumbnail","6":"product_cat-uncategorized","7":"product_cat-home","8":"product_cat-fun","10":"first","11":"instock","12":"sale","13":"taxable","14":"shipping-taxable","15":"purchasable","16":"product-type-simple"},"acf":[],"_links":{"self":[{"href":"https:\/\/non-stopshop.eu\/hu\/wp-json\/wp\/v2\/product\/3305","targetHints":{"allow":["GET"]}}],"collection":[{"href":"https:\/\/non-stopshop.eu\/hu\/wp-json\/wp\/v2\/product"}],"about":[{"href":"https:\/\/non-stopshop.eu\/hu\/wp-json\/wp\/v2\/types\/product"}],"replies":[{"embeddable":true,"href":"https:\/\/non-stopshop.eu\/hu\/wp-json\/wp\/v2\/comments?post=3305"}],"wp:featuredmedia":[{"embeddable":true,"href":"https:\/\/non-stopshop.eu\/hu\/wp-json\/wp\/v2\/media\/3310"}],"wp:attachment":[{"href":"https:\/\/non-stopshop.eu\/hu\/wp-json\/wp\/v2\/media?parent=3305"}],"wp:term":[{"taxonomy":"product_brand","embeddable":true,"href":"https:\/\/non-stopshop.eu\/hu\/wp-json\/wp\/v2\/product_brand?post=3305"},{"taxonomy":"product_cat","embeddable":true,"href":"https:\/\/non-stopshop.eu\/hu\/wp-json\/wp\/v2\/product_cat?post=3305"},{"taxonomy":"product_tag","embeddable":true,"href":"https:\/\/non-stopshop.eu\/hu\/wp-json\/wp\/v2\/product_tag?post=3305"}],"curies":[{"name":"wp","href":"https:\/\/api.w.org\/{rel}","templated":true}]}}