{"id":3506,"date":"2022-06-17T12:00:43","date_gmt":"2022-06-17T10:00:43","guid":{"rendered":"https:\/\/non-stopshop.eu\/hu\/?post_type=product&#038;p=3506"},"modified":"2022-06-23T10:42:11","modified_gmt":"2022-06-23T08:42:11","slug":"rolo-napellenzo-autokhoz-es-ablakokhoz-shady","status":"publish","type":"product","link":"https:\/\/non-stopshop.eu\/hu\/termek\/rolo-napellenzo-autokhoz-es-ablakokhoz-shady\/","title":{"rendered":"Rol\u00f3 napellenz\u0151 aut\u00f3khoz \u00e9s ablakokhoz &#8211; Shady"},"content":{"rendered":"","protected":false},"excerpt":{"rendered":"<p id=\"tw-target-text\" class=\"tw-data-text tw-text-large tw-ta\" dir=\"ltr\" data-placeholder=\"Prijevod\">Cs\u00f6kkentse az UV-sug\u00e1rz\u00e1st \u00e9s a napf\u00e9nyt aut\u00f3j\u00e1ban, \u00e9s tegye \u00e9lvezetesebb\u00e9 az utaz\u00e1st. Haszn\u00e1lja ezt a napellenz\u0151t b\u00e1rhol ahol sz\u00fcks\u00e9g van r\u00e1!<\/p>\n","protected":false},"featured_media":3527,"comment_status":"closed","ping_status":"closed","template":"","meta":{"inline_featured_image":false},"product_brand":[],"product_cat":[15,27,36],"product_tag":[],"class_list":{"0":"post-3506","1":"product","2":"type-product","3":"status-publish","4":"has-post-thumbnail","6":"product_cat-uncategorized","7":"product_cat-home","8":"product_cat-seasonal-discounts","10":"first","11":"instock","12":"sale","13":"taxable","14":"shipping-taxable","15":"purchasable","16":"product-type-simple"},"acf":[],"_links":{"self":[{"href":"https:\/\/non-stopshop.eu\/hu\/wp-json\/wp\/v2\/product\/3506","targetHints":{"allow":["GET"]}}],"collection":[{"href":"https:\/\/non-stopshop.eu\/hu\/wp-json\/wp\/v2\/product"}],"about":[{"href":"https:\/\/non-stopshop.eu\/hu\/wp-json\/wp\/v2\/types\/product"}],"replies":[{"embeddable":true,"href":"https:\/\/non-stopshop.eu\/hu\/wp-json\/wp\/v2\/comments?post=3506"}],"wp:featuredmedia":[{"embeddable":true,"href":"https:\/\/non-stopshop.eu\/hu\/wp-json\/wp\/v2\/media\/3527"}],"wp:attachment":[{"href":"https:\/\/non-stopshop.eu\/hu\/wp-json\/wp\/v2\/media?parent=3506"}],"wp:term":[{"taxonomy":"product_brand","embeddable":true,"href":"https:\/\/non-stopshop.eu\/hu\/wp-json\/wp\/v2\/product_brand?post=3506"},{"taxonomy":"product_cat","embeddable":true,"href":"https:\/\/non-stopshop.eu\/hu\/wp-json\/wp\/v2\/product_cat?post=3506"},{"taxonomy":"product_tag","embeddable":true,"href":"https:\/\/non-stopshop.eu\/hu\/wp-json\/wp\/v2\/product_tag?post=3506"}],"curies":[{"name":"wp","href":"https:\/\/api.w.org\/{rel}","templated":true}]}}