{"id":3581,"date":"2022-06-22T11:57:51","date_gmt":"2022-06-22T09:57:51","guid":{"rendered":"https:\/\/non-stopshop.eu\/hu\/?post_type=product&#038;p=3581"},"modified":"2023-04-13T12:36:40","modified_gmt":"2023-04-13T10:36:40","slug":"formabeilleszto-jatek","status":"publish","type":"product","link":"https:\/\/non-stopshop.eu\/hu\/termek\/formabeilleszto-jatek\/","title":{"rendered":"Formabeilleszt\u0151 j\u00e1t\u00e9k"},"content":{"rendered":"","protected":false},"excerpt":{"rendered":"<p id=\"tw-target-text\" class=\"tw-data-text tw-text-large tw-ta\" dir=\"ltr\" data-placeholder=\"Prijevod\">Ez az \u00e9rz\u00e9kre hat\u00f3 oktat\u00f3 j\u00e1t\u00e9k a megfelel\u0151 form\u00e1k hely\u00e9nek megtal\u00e1l\u00e1s\u00e1val a tanul\u00e1s \u00e9s a sz\u00f3rakoz\u00e1s ide\u00e1lis kombin\u00e1ci\u00f3j\u00e1t k\u00e9pviseli. Ny\u00fajtson t\u00f6k\u00e9letes sz\u00f3rakoz\u00e1st gyermekeinek!<\/p>\n","protected":false},"featured_media":3586,"comment_status":"closed","ping_status":"closed","template":"","meta":{"inline_featured_image":false},"product_brand":[],"product_cat":[15,36,35],"product_tag":[],"class_list":{"0":"post-3581","1":"product","2":"type-product","3":"status-publish","4":"has-post-thumbnail","6":"product_cat-uncategorized","7":"product_cat-seasonal-discounts","8":"product_cat-fun","10":"first","11":"instock","12":"sale","13":"taxable","14":"shipping-taxable","15":"purchasable","16":"product-type-simple"},"acf":[],"_links":{"self":[{"href":"https:\/\/non-stopshop.eu\/hu\/wp-json\/wp\/v2\/product\/3581","targetHints":{"allow":["GET"]}}],"collection":[{"href":"https:\/\/non-stopshop.eu\/hu\/wp-json\/wp\/v2\/product"}],"about":[{"href":"https:\/\/non-stopshop.eu\/hu\/wp-json\/wp\/v2\/types\/product"}],"replies":[{"embeddable":true,"href":"https:\/\/non-stopshop.eu\/hu\/wp-json\/wp\/v2\/comments?post=3581"}],"wp:featuredmedia":[{"embeddable":true,"href":"https:\/\/non-stopshop.eu\/hu\/wp-json\/wp\/v2\/media\/3586"}],"wp:attachment":[{"href":"https:\/\/non-stopshop.eu\/hu\/wp-json\/wp\/v2\/media?parent=3581"}],"wp:term":[{"taxonomy":"product_brand","embeddable":true,"href":"https:\/\/non-stopshop.eu\/hu\/wp-json\/wp\/v2\/product_brand?post=3581"},{"taxonomy":"product_cat","embeddable":true,"href":"https:\/\/non-stopshop.eu\/hu\/wp-json\/wp\/v2\/product_cat?post=3581"},{"taxonomy":"product_tag","embeddable":true,"href":"https:\/\/non-stopshop.eu\/hu\/wp-json\/wp\/v2\/product_tag?post=3581"}],"curies":[{"name":"wp","href":"https:\/\/api.w.org\/{rel}","templated":true}]}}