{"id":3972,"date":"2022-07-29T19:16:42","date_gmt":"2022-07-29T17:16:42","guid":{"rendered":"https:\/\/non-stopshop.eu\/hu\/?post_type=product&#038;p=3972"},"modified":"2023-05-15T13:45:09","modified_gmt":"2023-05-15T11:45:09","slug":"fogfeherito-folyadek","status":"publish","type":"product","link":"https:\/\/non-stopshop.eu\/hu\/termek\/fogfeherito-folyadek\/","title":{"rendered":"Fogfeh\u00e9r\u00edt\u0151 folyad\u00e9k"},"content":{"rendered":"","protected":false},"excerpt":{"rendered":"<p id=\"tw-target-text\" class=\"tw-data-text tw-text-large tw-ta\" dir=\"ltr\" data-placeholder=\"Prijevod\">Semleges\u00edtse a fogak cs\u00fanya s\u00e1rga sz\u00edn\u00e9t. A folyad\u00e9k seg\u00edts\u00e9g\u00e9vel fogai rendk\u00edv\u00fcl gyorsan visszanyerhetik ragyog\u00e1sukat \u00e9s gy\u00f6ngyh\u00e1zf\u00e9ny\u0171 feh\u00e9r sz\u00edn\u00fcket.<\/p>\n","protected":false},"featured_media":3974,"comment_status":"closed","ping_status":"closed","template":"","meta":{"inline_featured_image":false},"product_brand":[],"product_cat":[15,28,26],"product_tag":[],"class_list":{"0":"post-3972","1":"product","2":"type-product","3":"status-publish","4":"has-post-thumbnail","6":"product_cat-uncategorized","7":"product_cat-beauty","8":"product_cat-health","10":"first","11":"instock","12":"sale","13":"taxable","14":"shipping-taxable","15":"purchasable","16":"product-type-simple"},"acf":[],"_links":{"self":[{"href":"https:\/\/non-stopshop.eu\/hu\/wp-json\/wp\/v2\/product\/3972","targetHints":{"allow":["GET"]}}],"collection":[{"href":"https:\/\/non-stopshop.eu\/hu\/wp-json\/wp\/v2\/product"}],"about":[{"href":"https:\/\/non-stopshop.eu\/hu\/wp-json\/wp\/v2\/types\/product"}],"replies":[{"embeddable":true,"href":"https:\/\/non-stopshop.eu\/hu\/wp-json\/wp\/v2\/comments?post=3972"}],"wp:featuredmedia":[{"embeddable":true,"href":"https:\/\/non-stopshop.eu\/hu\/wp-json\/wp\/v2\/media\/3974"}],"wp:attachment":[{"href":"https:\/\/non-stopshop.eu\/hu\/wp-json\/wp\/v2\/media?parent=3972"}],"wp:term":[{"taxonomy":"product_brand","embeddable":true,"href":"https:\/\/non-stopshop.eu\/hu\/wp-json\/wp\/v2\/product_brand?post=3972"},{"taxonomy":"product_cat","embeddable":true,"href":"https:\/\/non-stopshop.eu\/hu\/wp-json\/wp\/v2\/product_cat?post=3972"},{"taxonomy":"product_tag","embeddable":true,"href":"https:\/\/non-stopshop.eu\/hu\/wp-json\/wp\/v2\/product_tag?post=3972"}],"curies":[{"name":"wp","href":"https:\/\/api.w.org\/{rel}","templated":true}]}}