{"id":4237,"date":"2022-08-11T14:38:35","date_gmt":"2022-08-11T12:38:35","guid":{"rendered":"https:\/\/non-stopshop.eu\/hu\/?post_type=product&#038;p=4237"},"modified":"2023-04-13T15:56:05","modified_gmt":"2023-04-13T13:56:05","slug":"taviranyitos-autos-ora","status":"publish","type":"product","link":"https:\/\/non-stopshop.eu\/hu\/termek\/taviranyitos-autos-ora\/","title":{"rendered":"T\u00e1vir\u00e1ny\u00edt\u00f3s aut\u00f3s \u00f3ra"},"content":{"rendered":"","protected":false},"excerpt":{"rendered":"<p id=\"tw-target-text\" class=\"tw-data-text tw-text-large tw-ta\" dir=\"ltr\" data-placeholder=\"Prijevod\">Remek \u00e9s praktikus j\u00e1t\u00e9k, amely minden helyzetben mosolyt csal a gyerekek arc\u00e1ra \u00e9s sz\u00f3rakoztatja \u0151ket. A praktikus kialak\u00edt\u00e1s lehet\u0151v\u00e9 teszi, hogy a gyermek mindig mag\u00e1n\u00e1l tartsa kedvenc j\u00e1t\u00e9k\u00e1t!<\/p>\n","protected":false},"featured_media":4238,"comment_status":"closed","ping_status":"closed","template":"","meta":{"inline_featured_image":false},"product_brand":[],"product_cat":[15,25,27,35],"product_tag":[],"class_list":{"0":"post-4237","1":"product","2":"type-product","3":"status-publish","4":"has-post-thumbnail","6":"product_cat-uncategorized","7":"product_cat-car","8":"product_cat-home","9":"product_cat-fun","11":"first","12":"instock","13":"sale","14":"taxable","15":"shipping-taxable","16":"purchasable","17":"product-type-simple"},"acf":[],"_links":{"self":[{"href":"https:\/\/non-stopshop.eu\/hu\/wp-json\/wp\/v2\/product\/4237","targetHints":{"allow":["GET"]}}],"collection":[{"href":"https:\/\/non-stopshop.eu\/hu\/wp-json\/wp\/v2\/product"}],"about":[{"href":"https:\/\/non-stopshop.eu\/hu\/wp-json\/wp\/v2\/types\/product"}],"replies":[{"embeddable":true,"href":"https:\/\/non-stopshop.eu\/hu\/wp-json\/wp\/v2\/comments?post=4237"}],"wp:featuredmedia":[{"embeddable":true,"href":"https:\/\/non-stopshop.eu\/hu\/wp-json\/wp\/v2\/media\/4238"}],"wp:attachment":[{"href":"https:\/\/non-stopshop.eu\/hu\/wp-json\/wp\/v2\/media?parent=4237"}],"wp:term":[{"taxonomy":"product_brand","embeddable":true,"href":"https:\/\/non-stopshop.eu\/hu\/wp-json\/wp\/v2\/product_brand?post=4237"},{"taxonomy":"product_cat","embeddable":true,"href":"https:\/\/non-stopshop.eu\/hu\/wp-json\/wp\/v2\/product_cat?post=4237"},{"taxonomy":"product_tag","embeddable":true,"href":"https:\/\/non-stopshop.eu\/hu\/wp-json\/wp\/v2\/product_tag?post=4237"}],"curies":[{"name":"wp","href":"https:\/\/api.w.org\/{rel}","templated":true}]}}