{"id":434,"date":"2020-12-02T10:54:41","date_gmt":"2020-12-02T09:54:41","guid":{"rendered":"https:\/\/shopium.eu\/rs\/?post_type=product&#038;p=434"},"modified":"2021-10-05T11:28:43","modified_gmt":"2021-10-05T09:28:43","slug":"sealerpaste","status":"publish","type":"product","link":"https:\/\/non-stopshop.eu\/hu\/termek\/sealerpaste\/","title":{"rendered":"Szigetel\u0151 paszta &#8211; FastSeal"},"content":{"rendered":"<p>Ez a t\u00f6k\u00e9letes v\u00edz\u00e1ll\u00f3 var\u00e1zspaszta er\u0151teljes szigetel\u0151anyagk\u00e9nt m\u0171k\u00f6dik, otthona b\u00e1rmely fel\u00fclet\u00e9n, m\u00e9g a nedves fel\u00fcleteken is. Kellemetlen szagok n\u00e9lk\u00fcl, tov\u00e1bb\u00e1 s\u00e1rga foltok elleni pigmentekkel is el van l\u00e1tva.<\/p>\n","protected":false},"excerpt":{"rendered":"<p>Ez a t\u00f6k\u00e9letes v\u00edz\u00e1ll\u00f3 var\u00e1zspaszta er\u0151teljes szigetel\u0151anyagk\u00e9nt m\u0171k\u00f6dik, otthona b\u00e1rmely fel\u00fclet\u00e9n, m\u00e9g a nedves fel\u00fcleteken is. Kellemetlen szagok n\u00e9lk\u00fcl, tov\u00e1bb\u00e1 s\u00e1rga foltok elleni pigmentekkel is el van l\u00e1tva.<\/p>\n","protected":false},"featured_media":439,"comment_status":"closed","ping_status":"closed","template":"","meta":{"inline_featured_image":false},"product_brand":[],"product_cat":[15,27],"product_tag":[],"class_list":{"0":"post-434","1":"product","2":"type-product","3":"status-publish","4":"has-post-thumbnail","6":"product_cat-uncategorized","7":"product_cat-home","9":"first","10":"instock","11":"sale","12":"taxable","13":"shipping-taxable","14":"purchasable","15":"product-type-simple"},"acf":[],"_links":{"self":[{"href":"https:\/\/non-stopshop.eu\/hu\/wp-json\/wp\/v2\/product\/434","targetHints":{"allow":["GET"]}}],"collection":[{"href":"https:\/\/non-stopshop.eu\/hu\/wp-json\/wp\/v2\/product"}],"about":[{"href":"https:\/\/non-stopshop.eu\/hu\/wp-json\/wp\/v2\/types\/product"}],"replies":[{"embeddable":true,"href":"https:\/\/non-stopshop.eu\/hu\/wp-json\/wp\/v2\/comments?post=434"}],"wp:featuredmedia":[{"embeddable":true,"href":"https:\/\/non-stopshop.eu\/hu\/wp-json\/wp\/v2\/media\/439"}],"wp:attachment":[{"href":"https:\/\/non-stopshop.eu\/hu\/wp-json\/wp\/v2\/media?parent=434"}],"wp:term":[{"taxonomy":"product_brand","embeddable":true,"href":"https:\/\/non-stopshop.eu\/hu\/wp-json\/wp\/v2\/product_brand?post=434"},{"taxonomy":"product_cat","embeddable":true,"href":"https:\/\/non-stopshop.eu\/hu\/wp-json\/wp\/v2\/product_cat?post=434"},{"taxonomy":"product_tag","embeddable":true,"href":"https:\/\/non-stopshop.eu\/hu\/wp-json\/wp\/v2\/product_tag?post=434"}],"curies":[{"name":"wp","href":"https:\/\/api.w.org\/{rel}","templated":true}]}}