{"id":4809,"date":"2022-09-09T10:50:41","date_gmt":"2022-09-09T08:50:41","guid":{"rendered":"https:\/\/non-stopshop.eu\/hu\/?post_type=product&#038;p=4809"},"modified":"2023-04-13T15:49:05","modified_gmt":"2023-04-13T13:49:05","slug":"3d-figurakeszito-jatekkeszlet","status":"publish","type":"product","link":"https:\/\/non-stopshop.eu\/hu\/termek\/3d-figurakeszito-jatekkeszlet\/","title":{"rendered":"3D figurak\u00e9sz\u00edt\u0151 j\u00e1t\u00e9kk\u00e9szlet"},"content":{"rendered":"","protected":false},"excerpt":{"rendered":"<p id=\"tw-target-text\" class=\"tw-data-text tw-text-large tw-ta\" dir=\"ltr\" data-placeholder=\"Prijevod\">A figur\u00e1k k\u00e9sz\u00edt\u00e9s\u00e9re szolg\u00e1l\u00f3 bark\u00e1csk\u00e9szlet ide\u00e1lis sz\u00f3rakoz\u00e1s \u00e9s kikapcsol\u00f3d\u00e1s. Ez az \u00e9rdekes j\u00e1t\u00e9k megnyugtat\u00f3 \u00e9s hat\u00e9kony. Haszn\u00e1lata rendk\u00edv\u00fcl egyszer\u0171 \u00e9s ide\u00e1lis eszk\u00f6z a kreativit\u00e1s kifejez\u00e9s\u00e9re.<\/p>\n","protected":false},"featured_media":4816,"comment_status":"closed","ping_status":"closed","template":"","meta":{"inline_featured_image":false},"product_brand":[],"product_cat":[15,35],"product_tag":[],"class_list":{"0":"post-4809","1":"product","2":"type-product","3":"status-publish","4":"has-post-thumbnail","6":"product_cat-uncategorized","7":"product_cat-fun","9":"first","10":"instock","11":"sale","12":"taxable","13":"shipping-taxable","14":"purchasable","15":"product-type-simple"},"acf":[],"_links":{"self":[{"href":"https:\/\/non-stopshop.eu\/hu\/wp-json\/wp\/v2\/product\/4809","targetHints":{"allow":["GET"]}}],"collection":[{"href":"https:\/\/non-stopshop.eu\/hu\/wp-json\/wp\/v2\/product"}],"about":[{"href":"https:\/\/non-stopshop.eu\/hu\/wp-json\/wp\/v2\/types\/product"}],"replies":[{"embeddable":true,"href":"https:\/\/non-stopshop.eu\/hu\/wp-json\/wp\/v2\/comments?post=4809"}],"wp:featuredmedia":[{"embeddable":true,"href":"https:\/\/non-stopshop.eu\/hu\/wp-json\/wp\/v2\/media\/4816"}],"wp:attachment":[{"href":"https:\/\/non-stopshop.eu\/hu\/wp-json\/wp\/v2\/media?parent=4809"}],"wp:term":[{"taxonomy":"product_brand","embeddable":true,"href":"https:\/\/non-stopshop.eu\/hu\/wp-json\/wp\/v2\/product_brand?post=4809"},{"taxonomy":"product_cat","embeddable":true,"href":"https:\/\/non-stopshop.eu\/hu\/wp-json\/wp\/v2\/product_cat?post=4809"},{"taxonomy":"product_tag","embeddable":true,"href":"https:\/\/non-stopshop.eu\/hu\/wp-json\/wp\/v2\/product_tag?post=4809"}],"curies":[{"name":"wp","href":"https:\/\/api.w.org\/{rel}","templated":true}]}}