{"id":4825,"date":"2022-09-09T12:23:51","date_gmt":"2022-09-09T10:23:51","guid":{"rendered":"https:\/\/non-stopshop.eu\/hu\/?post_type=product&#038;p=4825"},"modified":"2022-09-29T13:05:43","modified_gmt":"2022-09-29T11:05:43","slug":"4-az-1-ben-kezi-elektromos-zoldsegvago-keszlet","status":"publish","type":"product","link":"https:\/\/non-stopshop.eu\/hu\/termek\/4-az-1-ben-kezi-elektromos-zoldsegvago-keszlet\/","title":{"rendered":"4 az 1-ben k\u00e9zi elektromos z\u00f6lds\u00e9gv\u00e1g\u00f3 k\u00e9szlet"},"content":{"rendered":"","protected":false},"excerpt":{"rendered":"<p id=\"tw-target-text\" class=\"tw-data-text tw-text-large tw-ta\" dir=\"ltr\" data-placeholder=\"Prijevod\">T\u00f6bbfunkci\u00f3s 4 az 1-ben k\u00e9szlet gy\u00fcm\u00f6lcs- \u00e9s z\u00f6lds\u00e9gv\u00e1g\u00e1sra, elektromos kefe \u00e9s h\u00fasdar\u00e1l\u00f3. Egyetlen term\u00e9kkel v\u00e1ltozatos konyhai munk\u00e1t v\u00e9gezhet.<\/p>\n","protected":false},"featured_media":4836,"comment_status":"closed","ping_status":"closed","template":"","meta":{"inline_featured_image":false},"product_brand":[],"product_cat":[15,27,36],"product_tag":[],"class_list":{"0":"post-4825","1":"product","2":"type-product","3":"status-publish","4":"has-post-thumbnail","6":"product_cat-uncategorized","7":"product_cat-home","8":"product_cat-seasonal-discounts","10":"first","11":"instock","12":"sale","13":"taxable","14":"shipping-taxable","15":"purchasable","16":"product-type-simple"},"acf":[],"_links":{"self":[{"href":"https:\/\/non-stopshop.eu\/hu\/wp-json\/wp\/v2\/product\/4825","targetHints":{"allow":["GET"]}}],"collection":[{"href":"https:\/\/non-stopshop.eu\/hu\/wp-json\/wp\/v2\/product"}],"about":[{"href":"https:\/\/non-stopshop.eu\/hu\/wp-json\/wp\/v2\/types\/product"}],"replies":[{"embeddable":true,"href":"https:\/\/non-stopshop.eu\/hu\/wp-json\/wp\/v2\/comments?post=4825"}],"wp:featuredmedia":[{"embeddable":true,"href":"https:\/\/non-stopshop.eu\/hu\/wp-json\/wp\/v2\/media\/4836"}],"wp:attachment":[{"href":"https:\/\/non-stopshop.eu\/hu\/wp-json\/wp\/v2\/media?parent=4825"}],"wp:term":[{"taxonomy":"product_brand","embeddable":true,"href":"https:\/\/non-stopshop.eu\/hu\/wp-json\/wp\/v2\/product_brand?post=4825"},{"taxonomy":"product_cat","embeddable":true,"href":"https:\/\/non-stopshop.eu\/hu\/wp-json\/wp\/v2\/product_cat?post=4825"},{"taxonomy":"product_tag","embeddable":true,"href":"https:\/\/non-stopshop.eu\/hu\/wp-json\/wp\/v2\/product_tag?post=4825"}],"curies":[{"name":"wp","href":"https:\/\/api.w.org\/{rel}","templated":true}]}}