{"id":4846,"date":"2022-09-09T14:02:20","date_gmt":"2022-09-09T12:02:20","guid":{"rendered":"https:\/\/non-stopshop.eu\/hu\/?post_type=product&#038;p=4846"},"modified":"2023-07-25T08:47:14","modified_gmt":"2023-07-25T06:47:14","slug":"pokember-kilovokesztyu","status":"publish","type":"product","link":"https:\/\/non-stopshop.eu\/hu\/termek\/pokember-kilovokesztyu\/","title":{"rendered":"P\u00f3kember kil\u00f6v\u0151keszty\u0171"},"content":{"rendered":"","protected":false},"excerpt":{"rendered":"<p id=\"tw-target-text\" class=\"tw-data-text tw-text-large tw-ta\" dir=\"ltr\" data-placeholder=\"Prijevod\">K\u00e9nyeztesse gyermekeit felejthetetlen sz\u00f3rakoz\u00e1ssal ennek a remek p\u00f3kember kil\u00f6v\u0151keszty\u0171nek a seg\u00edts\u00e9g\u00e9vel. Egy interakt\u00edv \u00e9s biztons\u00e1gos j\u00e1t\u00e9k, amelyet a kis szuperh\u0151s\u00f6k im\u00e1dni fognak!<\/p>\n","protected":false},"featured_media":4849,"comment_status":"closed","ping_status":"closed","template":"","meta":{"inline_featured_image":false},"product_brand":[],"product_cat":[15,36,35],"product_tag":[],"class_list":{"0":"post-4846","1":"product","2":"type-product","3":"status-publish","4":"has-post-thumbnail","6":"product_cat-uncategorized","7":"product_cat-seasonal-discounts","8":"product_cat-fun","10":"first","11":"instock","12":"sale","13":"taxable","14":"shipping-taxable","15":"purchasable","16":"product-type-simple"},"acf":[],"_links":{"self":[{"href":"https:\/\/non-stopshop.eu\/hu\/wp-json\/wp\/v2\/product\/4846","targetHints":{"allow":["GET"]}}],"collection":[{"href":"https:\/\/non-stopshop.eu\/hu\/wp-json\/wp\/v2\/product"}],"about":[{"href":"https:\/\/non-stopshop.eu\/hu\/wp-json\/wp\/v2\/types\/product"}],"replies":[{"embeddable":true,"href":"https:\/\/non-stopshop.eu\/hu\/wp-json\/wp\/v2\/comments?post=4846"}],"wp:featuredmedia":[{"embeddable":true,"href":"https:\/\/non-stopshop.eu\/hu\/wp-json\/wp\/v2\/media\/4849"}],"wp:attachment":[{"href":"https:\/\/non-stopshop.eu\/hu\/wp-json\/wp\/v2\/media?parent=4846"}],"wp:term":[{"taxonomy":"product_brand","embeddable":true,"href":"https:\/\/non-stopshop.eu\/hu\/wp-json\/wp\/v2\/product_brand?post=4846"},{"taxonomy":"product_cat","embeddable":true,"href":"https:\/\/non-stopshop.eu\/hu\/wp-json\/wp\/v2\/product_cat?post=4846"},{"taxonomy":"product_tag","embeddable":true,"href":"https:\/\/non-stopshop.eu\/hu\/wp-json\/wp\/v2\/product_tag?post=4846"}],"curies":[{"name":"wp","href":"https:\/\/api.w.org\/{rel}","templated":true}]}}