{"id":5220,"date":"2022-10-05T13:27:11","date_gmt":"2022-10-05T11:27:11","guid":{"rendered":"https:\/\/non-stopshop.eu\/hu\/?post_type=product&#038;p=5220"},"modified":"2023-04-13T15:43:14","modified_gmt":"2023-04-13T13:43:14","slug":"valtozatos-felhasznalasu-hotranszfer-papir","status":"publish","type":"product","link":"https:\/\/non-stopshop.eu\/hu\/termek\/valtozatos-felhasznalasu-hotranszfer-papir\/","title":{"rendered":"V\u00e1ltozatos felhaszn\u00e1l\u00e1s\u00fa h\u0151transzfer pap\u00edr"},"content":{"rendered":"","protected":false},"excerpt":{"rendered":"<p id=\"tw-target-text\" class=\"tw-data-text tw-text-large tw-ta\" dir=\"ltr\" data-placeholder=\"Prijevod\">Csup\u00e1n helyezze fel a ruhadarabra kedvenc f\u00e9nyk\u00e9p\u00e9t \u00e9s p\u00e1r m\u00e1sodperc alatt k\u00e9sz\u00edtsen mag\u00e1nak m\u00e1rk\u00e1s ruhadarabokat vagy mezt, a lehet\u0151s\u00e9gek v\u00e9gtelenek, minden csak a fant\u00e1zi\u00e1j\u00e1n m\u00falik, k\u00e9sz\u00edtsen egyedi p\u00f3l\u00f3kat!<\/p>\n","protected":false},"featured_media":5234,"comment_status":"closed","ping_status":"closed","template":"","meta":{"inline_featured_image":false},"product_brand":[],"product_cat":[15,27,35],"product_tag":[],"class_list":{"0":"post-5220","1":"product","2":"type-product","3":"status-publish","4":"has-post-thumbnail","6":"product_cat-uncategorized","7":"product_cat-home","8":"product_cat-fun","10":"first","11":"instock","12":"sale","13":"taxable","14":"shipping-taxable","15":"purchasable","16":"product-type-simple"},"acf":[],"_links":{"self":[{"href":"https:\/\/non-stopshop.eu\/hu\/wp-json\/wp\/v2\/product\/5220","targetHints":{"allow":["GET"]}}],"collection":[{"href":"https:\/\/non-stopshop.eu\/hu\/wp-json\/wp\/v2\/product"}],"about":[{"href":"https:\/\/non-stopshop.eu\/hu\/wp-json\/wp\/v2\/types\/product"}],"replies":[{"embeddable":true,"href":"https:\/\/non-stopshop.eu\/hu\/wp-json\/wp\/v2\/comments?post=5220"}],"wp:featuredmedia":[{"embeddable":true,"href":"https:\/\/non-stopshop.eu\/hu\/wp-json\/wp\/v2\/media\/5234"}],"wp:attachment":[{"href":"https:\/\/non-stopshop.eu\/hu\/wp-json\/wp\/v2\/media?parent=5220"}],"wp:term":[{"taxonomy":"product_brand","embeddable":true,"href":"https:\/\/non-stopshop.eu\/hu\/wp-json\/wp\/v2\/product_brand?post=5220"},{"taxonomy":"product_cat","embeddable":true,"href":"https:\/\/non-stopshop.eu\/hu\/wp-json\/wp\/v2\/product_cat?post=5220"},{"taxonomy":"product_tag","embeddable":true,"href":"https:\/\/non-stopshop.eu\/hu\/wp-json\/wp\/v2\/product_tag?post=5220"}],"curies":[{"name":"wp","href":"https:\/\/api.w.org\/{rel}","templated":true}]}}