{"id":5509,"date":"2022-10-25T12:33:42","date_gmt":"2022-10-25T10:33:42","guid":{"rendered":"https:\/\/non-stopshop.eu\/hu\/?post_type=product&#038;p=5509"},"modified":"2023-11-10T10:13:03","modified_gmt":"2023-11-10T09:13:03","slug":"holografikus-vetito","status":"publish","type":"product","link":"https:\/\/non-stopshop.eu\/hu\/termek\/holografikus-vetito\/","title":{"rendered":"Holografikus vet\u00edt\u0151"},"content":{"rendered":"","protected":false},"excerpt":{"rendered":"<p id=\"tw-target-text\" class=\"tw-data-text tw-text-large tw-ta\" dir=\"ltr\" data-placeholder=\"Prijevod\">Emelje \u00faj szintre otthona \u00fcnnepi d\u00edsz\u00edt\u00e9s\u00e9t. A 12 k\u00fcl\u00f6nb\u00f6z\u0151 kivet\u00edtett film felejthetetlenn\u00e9 fogja tenni az idei \u00fcnnepeket. Var\u00e1zsolja h\u00e1z\u00e1t f\u00e9lelmetess\u00e9 Halloween-kor vagy \u00f6r\u00f6mteliv\u00e9 kar\u00e1csonykor.<\/p>\n","protected":false},"featured_media":5512,"comment_status":"closed","ping_status":"closed","template":"","meta":{"inline_featured_image":false},"product_brand":[],"product_cat":[15,27,36,35],"product_tag":[],"class_list":{"0":"post-5509","1":"product","2":"type-product","3":"status-publish","4":"has-post-thumbnail","6":"product_cat-uncategorized","7":"product_cat-home","8":"product_cat-seasonal-discounts","9":"product_cat-fun","11":"first","12":"instock","13":"sale","14":"taxable","15":"shipping-taxable","16":"purchasable","17":"product-type-simple"},"acf":[],"_links":{"self":[{"href":"https:\/\/non-stopshop.eu\/hu\/wp-json\/wp\/v2\/product\/5509","targetHints":{"allow":["GET"]}}],"collection":[{"href":"https:\/\/non-stopshop.eu\/hu\/wp-json\/wp\/v2\/product"}],"about":[{"href":"https:\/\/non-stopshop.eu\/hu\/wp-json\/wp\/v2\/types\/product"}],"replies":[{"embeddable":true,"href":"https:\/\/non-stopshop.eu\/hu\/wp-json\/wp\/v2\/comments?post=5509"}],"wp:featuredmedia":[{"embeddable":true,"href":"https:\/\/non-stopshop.eu\/hu\/wp-json\/wp\/v2\/media\/5512"}],"wp:attachment":[{"href":"https:\/\/non-stopshop.eu\/hu\/wp-json\/wp\/v2\/media?parent=5509"}],"wp:term":[{"taxonomy":"product_brand","embeddable":true,"href":"https:\/\/non-stopshop.eu\/hu\/wp-json\/wp\/v2\/product_brand?post=5509"},{"taxonomy":"product_cat","embeddable":true,"href":"https:\/\/non-stopshop.eu\/hu\/wp-json\/wp\/v2\/product_cat?post=5509"},{"taxonomy":"product_tag","embeddable":true,"href":"https:\/\/non-stopshop.eu\/hu\/wp-json\/wp\/v2\/product_tag?post=5509"}],"curies":[{"name":"wp","href":"https:\/\/api.w.org\/{rel}","templated":true}]}}