{"id":553,"date":"2020-12-09T13:50:56","date_gmt":"2020-12-09T12:50:56","guid":{"rendered":"https:\/\/shopium.eu\/rs\/?post_type=product&#038;p=553"},"modified":"2021-04-07T15:28:15","modified_gmt":"2021-04-07T13:28:15","slug":"toenailcorrector","status":"publish","type":"product","link":"https:\/\/non-stopshop.eu\/hu\/termek\/toenailcorrector\/","title":{"rendered":"K\u00f6r\u00f6mgomba \u00e9s a k\u00f6r\u00f6mben\u00f6v\u00e9s elleni tapasz- ToenailCorrector (30 darab)"},"content":{"rendered":"<p>Egy t\u00f6k\u00e9letes term\u00e9k tapasz form\u00e1j\u00e1ban, amellyel \u00fajra sz\u00e9p \u00e9s eg\u00e9szs\u00e9ges k\u00f6rmei lehetnek \u00e9s amely biztons\u00e1gosan \u00e9s egyszer\u0171en megszabad\u00edtja \u00d6nt a f\u00e1jdalmas ben\u00f6v\u0151 k\u00f6rm\u00f6kt\u0151l \u00e9s megakad\u00e1lyozza a gomb\u00e1k kialakul\u00e1s\u00e1t.<\/p>\n","protected":false},"excerpt":{"rendered":"<p>Egy t\u00f6k\u00e9letes term\u00e9k tapasz form\u00e1j\u00e1ban, amellyel \u00fajra sz\u00e9p \u00e9s eg\u00e9szs\u00e9ges k\u00f6rmei lehetnek \u00e9s amely biztons\u00e1gosan \u00e9s egyszer\u0171en megszabad\u00edtja \u00d6nt a f\u00e1jdalmas ben\u00f6v\u0151 k\u00f6rm\u00f6kt\u0151l \u00e9s megakad\u00e1lyozza a gomb\u00e1k kialakul\u00e1s\u00e1t.<\/p>\n","protected":false},"featured_media":558,"comment_status":"closed","ping_status":"closed","template":"","meta":{"inline_featured_image":false},"product_brand":[],"product_cat":[15,28,24,26],"product_tag":[],"class_list":{"0":"post-553","1":"product","2":"type-product","3":"status-publish","4":"has-post-thumbnail","6":"product_cat-uncategorized","7":"product_cat-beauty","8":"product_cat-sale","9":"product_cat-health","11":"first","12":"instock","13":"sale","14":"taxable","15":"shipping-taxable","16":"purchasable","17":"product-type-simple"},"acf":[],"_links":{"self":[{"href":"https:\/\/non-stopshop.eu\/hu\/wp-json\/wp\/v2\/product\/553","targetHints":{"allow":["GET"]}}],"collection":[{"href":"https:\/\/non-stopshop.eu\/hu\/wp-json\/wp\/v2\/product"}],"about":[{"href":"https:\/\/non-stopshop.eu\/hu\/wp-json\/wp\/v2\/types\/product"}],"replies":[{"embeddable":true,"href":"https:\/\/non-stopshop.eu\/hu\/wp-json\/wp\/v2\/comments?post=553"}],"wp:featuredmedia":[{"embeddable":true,"href":"https:\/\/non-stopshop.eu\/hu\/wp-json\/wp\/v2\/media\/558"}],"wp:attachment":[{"href":"https:\/\/non-stopshop.eu\/hu\/wp-json\/wp\/v2\/media?parent=553"}],"wp:term":[{"taxonomy":"product_brand","embeddable":true,"href":"https:\/\/non-stopshop.eu\/hu\/wp-json\/wp\/v2\/product_brand?post=553"},{"taxonomy":"product_cat","embeddable":true,"href":"https:\/\/non-stopshop.eu\/hu\/wp-json\/wp\/v2\/product_cat?post=553"},{"taxonomy":"product_tag","embeddable":true,"href":"https:\/\/non-stopshop.eu\/hu\/wp-json\/wp\/v2\/product_tag?post=553"}],"curies":[{"name":"wp","href":"https:\/\/api.w.org\/{rel}","templated":true}]}}