{"id":5927,"date":"2022-11-16T10:07:59","date_gmt":"2022-11-16T09:07:59","guid":{"rendered":"https:\/\/non-stopshop.eu\/hu\/?post_type=product&#038;p=5927"},"modified":"2023-03-21T09:54:24","modified_gmt":"2023-03-21T08:54:24","slug":"femvago-furo-tartozek","status":"publish","type":"product","link":"https:\/\/non-stopshop.eu\/hu\/termek\/femvago-furo-tartozek\/","title":{"rendered":"F\u00e9mv\u00e1g\u00f3 f\u00far\u00f3 tartoz\u00e9k"},"content":{"rendered":"","protected":false},"excerpt":{"rendered":"<p id=\"tw-target-text\" class=\"tw-data-text tw-text-large tw-ta\" dir=\"ltr\" data-placeholder=\"Prijevod\">A nagy v\u00e1g\u00e1si sebess\u00e9g, valamint a tiszta \u00e9s prec\u00edz v\u00e1g\u00e1sok maxim\u00e1lis hat\u00e9konys\u00e1got \u00e9s pontoss\u00e1got tesznek lehet\u0151v\u00e9. T\u00f6k\u00e9letesen mozgathat\u00f3 a sz\u0171k mint\u00e1kon \u00e9s a sarkokban, \u00edgy minden alkalommal optim\u00e1lis v\u00e1g\u00e1st v\u00e9gez.<\/p>\n","protected":false},"featured_media":5932,"comment_status":"closed","ping_status":"closed","template":"","meta":{"inline_featured_image":false},"product_brand":[],"product_cat":[15,25,27,36],"product_tag":[],"class_list":{"0":"post-5927","1":"product","2":"type-product","3":"status-publish","4":"has-post-thumbnail","6":"product_cat-uncategorized","7":"product_cat-car","8":"product_cat-home","9":"product_cat-seasonal-discounts","11":"first","12":"instock","13":"sale","14":"taxable","15":"shipping-taxable","16":"purchasable","17":"product-type-simple"},"acf":[],"_links":{"self":[{"href":"https:\/\/non-stopshop.eu\/hu\/wp-json\/wp\/v2\/product\/5927","targetHints":{"allow":["GET"]}}],"collection":[{"href":"https:\/\/non-stopshop.eu\/hu\/wp-json\/wp\/v2\/product"}],"about":[{"href":"https:\/\/non-stopshop.eu\/hu\/wp-json\/wp\/v2\/types\/product"}],"replies":[{"embeddable":true,"href":"https:\/\/non-stopshop.eu\/hu\/wp-json\/wp\/v2\/comments?post=5927"}],"wp:featuredmedia":[{"embeddable":true,"href":"https:\/\/non-stopshop.eu\/hu\/wp-json\/wp\/v2\/media\/5932"}],"wp:attachment":[{"href":"https:\/\/non-stopshop.eu\/hu\/wp-json\/wp\/v2\/media?parent=5927"}],"wp:term":[{"taxonomy":"product_brand","embeddable":true,"href":"https:\/\/non-stopshop.eu\/hu\/wp-json\/wp\/v2\/product_brand?post=5927"},{"taxonomy":"product_cat","embeddable":true,"href":"https:\/\/non-stopshop.eu\/hu\/wp-json\/wp\/v2\/product_cat?post=5927"},{"taxonomy":"product_tag","embeddable":true,"href":"https:\/\/non-stopshop.eu\/hu\/wp-json\/wp\/v2\/product_tag?post=5927"}],"curies":[{"name":"wp","href":"https:\/\/api.w.org\/{rel}","templated":true}]}}