{"id":621,"date":"2020-12-11T10:15:28","date_gmt":"2020-12-11T09:15:28","guid":{"rendered":"https:\/\/shopium.eu\/rs\/?post_type=product&#038;p=621"},"modified":"2023-05-20T10:36:35","modified_gmt":"2023-05-20T08:36:35","slug":"egyszeru-horgaszhalo-fishnet","status":"publish","type":"product","link":"https:\/\/non-stopshop.eu\/hu\/termek\/egyszeru-horgaszhalo-fishnet\/","title":{"rendered":"Egyszer\u0171 horg\u00e1szh\u00e1l\u00f3 &#8211; FishNet"},"content":{"rendered":"<p>Amennyiben \u00d6n is a horg\u00e1szat megsz\u00e1llottja \u00e9s szereti a nagy fog\u00e1sokat, ez a praktikus \u00e9s egyszer\u0171 h\u00e1l\u00f3 lehet\u0151v\u00e9 teszi, hogy horg\u00e1szat k\u00f6zben \u00f6sszek\u00f6sse a kellemeset a hasznossal!<\/p>\n","protected":false},"excerpt":{"rendered":"<p>Amennyiben \u00d6n is a horg\u00e1szat megsz\u00e1llottja \u00e9s szereti a nagy fog\u00e1sokat, ez a praktikus \u00e9s egyszer\u0171 h\u00e1l\u00f3 lehet\u0151v\u00e9 teszi, hogy horg\u00e1szat k\u00f6zben \u00f6sszek\u00f6sse a kellemeset a hasznossal!<\/p>\n","protected":false},"featured_media":1567,"comment_status":"closed","ping_status":"closed","template":"","meta":{"inline_featured_image":false},"product_brand":[],"product_cat":[15,24,35],"product_tag":[],"class_list":{"0":"post-621","1":"product","2":"type-product","3":"status-publish","4":"has-post-thumbnail","6":"product_cat-uncategorized","7":"product_cat-sale","8":"product_cat-fun","10":"first","11":"instock","12":"sale","13":"taxable","14":"shipping-taxable","15":"purchasable","16":"product-type-simple"},"acf":[],"_links":{"self":[{"href":"https:\/\/non-stopshop.eu\/hu\/wp-json\/wp\/v2\/product\/621","targetHints":{"allow":["GET"]}}],"collection":[{"href":"https:\/\/non-stopshop.eu\/hu\/wp-json\/wp\/v2\/product"}],"about":[{"href":"https:\/\/non-stopshop.eu\/hu\/wp-json\/wp\/v2\/types\/product"}],"replies":[{"embeddable":true,"href":"https:\/\/non-stopshop.eu\/hu\/wp-json\/wp\/v2\/comments?post=621"}],"wp:featuredmedia":[{"embeddable":true,"href":"https:\/\/non-stopshop.eu\/hu\/wp-json\/wp\/v2\/media\/1567"}],"wp:attachment":[{"href":"https:\/\/non-stopshop.eu\/hu\/wp-json\/wp\/v2\/media?parent=621"}],"wp:term":[{"taxonomy":"product_brand","embeddable":true,"href":"https:\/\/non-stopshop.eu\/hu\/wp-json\/wp\/v2\/product_brand?post=621"},{"taxonomy":"product_cat","embeddable":true,"href":"https:\/\/non-stopshop.eu\/hu\/wp-json\/wp\/v2\/product_cat?post=621"},{"taxonomy":"product_tag","embeddable":true,"href":"https:\/\/non-stopshop.eu\/hu\/wp-json\/wp\/v2\/product_tag?post=621"}],"curies":[{"name":"wp","href":"https:\/\/api.w.org\/{rel}","templated":true}]}}