{"id":6668,"date":"2023-01-19T11:26:57","date_gmt":"2023-01-19T10:26:57","guid":{"rendered":"https:\/\/non-stopshop.eu\/hu\/?post_type=product&#038;p=6668"},"modified":"2023-01-19T11:38:22","modified_gmt":"2023-01-19T10:38:22","slug":"vezetek-nelkuli-kezi-porszivo","status":"publish","type":"product","link":"https:\/\/non-stopshop.eu\/hu\/termek\/vezetek-nelkuli-kezi-porszivo\/","title":{"rendered":"Vezet\u00e9k n\u00e9lk\u00fcli k\u00e9zi porsz\u00edv\u00f3"},"content":{"rendered":"","protected":false},"excerpt":{"rendered":"<p id=\"tw-target-text\" class=\"tw-data-text tw-text-large tw-ta\" dir=\"ltr\" data-placeholder=\"Prijevod\">Ez az er\u0151s sz\u00edv\u00f3er\u0151vel ell\u00e1tott, k\u00f6nny\u0171 k\u00e9zi porsz\u00edv\u00f3 ide\u00e1lis seg\u00e9deszk\u00f6z minden otthonban, a munkahelyen vagy az aut\u00f3ban. Szabaduljon meg n\u00e9h\u00e1ny l\u00e9p\u00e9sben a szennyez\u0151d\u00e9sekt\u0151l \u00e9s a piszokt\u00f3l ezzel a kiv\u00e1l\u00f3 porsz\u00edv\u00f3val.<\/p>\n","protected":false},"featured_media":6675,"comment_status":"closed","ping_status":"closed","template":"","meta":{"inline_featured_image":false},"product_brand":[],"product_cat":[15,27,36],"product_tag":[],"class_list":{"0":"post-6668","1":"product","2":"type-product","3":"status-publish","4":"has-post-thumbnail","6":"product_cat-uncategorized","7":"product_cat-home","8":"product_cat-seasonal-discounts","10":"first","11":"instock","12":"sale","13":"taxable","14":"shipping-taxable","15":"purchasable","16":"product-type-simple"},"acf":[],"_links":{"self":[{"href":"https:\/\/non-stopshop.eu\/hu\/wp-json\/wp\/v2\/product\/6668","targetHints":{"allow":["GET"]}}],"collection":[{"href":"https:\/\/non-stopshop.eu\/hu\/wp-json\/wp\/v2\/product"}],"about":[{"href":"https:\/\/non-stopshop.eu\/hu\/wp-json\/wp\/v2\/types\/product"}],"replies":[{"embeddable":true,"href":"https:\/\/non-stopshop.eu\/hu\/wp-json\/wp\/v2\/comments?post=6668"}],"wp:featuredmedia":[{"embeddable":true,"href":"https:\/\/non-stopshop.eu\/hu\/wp-json\/wp\/v2\/media\/6675"}],"wp:attachment":[{"href":"https:\/\/non-stopshop.eu\/hu\/wp-json\/wp\/v2\/media?parent=6668"}],"wp:term":[{"taxonomy":"product_brand","embeddable":true,"href":"https:\/\/non-stopshop.eu\/hu\/wp-json\/wp\/v2\/product_brand?post=6668"},{"taxonomy":"product_cat","embeddable":true,"href":"https:\/\/non-stopshop.eu\/hu\/wp-json\/wp\/v2\/product_cat?post=6668"},{"taxonomy":"product_tag","embeddable":true,"href":"https:\/\/non-stopshop.eu\/hu\/wp-json\/wp\/v2\/product_tag?post=6668"}],"curies":[{"name":"wp","href":"https:\/\/api.w.org\/{rel}","templated":true}]}}