{"id":6842,"date":"2023-02-24T09:40:42","date_gmt":"2023-02-24T08:40:42","guid":{"rendered":"https:\/\/non-stopshop.eu\/hu\/?post_type=product&#038;p=6842"},"modified":"2023-03-21T09:16:50","modified_gmt":"2023-03-21T08:16:50","slug":"oktatojatek-fabol-keszult-jatekvonat-szamokkal","status":"publish","type":"product","link":"https:\/\/non-stopshop.eu\/hu\/termek\/oktatojatek-fabol-keszult-jatekvonat-szamokkal\/","title":{"rendered":"Oktat\u00f3j\u00e1t\u00e9k &#8211; F\u00e1b\u00f3l k\u00e9sz\u00fclt j\u00e1t\u00e9kvonat sz\u00e1mokkal"},"content":{"rendered":"","protected":false},"excerpt":{"rendered":"<p id=\"tw-target-text\" class=\"tw-data-text tw-text-large tw-ta\" dir=\"ltr\" data-placeholder=\"Prijevod\">J\u00e1t\u00e9k a sz\u00e1mok, form\u00e1k \u00e9s sz\u00ednek korai elsaj\u00e1t\u00edt\u00e1s\u00e1hoz. Az \u00fcgyess\u00e9g \u00e9s intellektu\u00e1lis k\u00e9pess\u00e9gek gyakorl\u00e1sa, a kreativit\u00e1s fejleszt\u00e9se.<\/p>\n","protected":false},"featured_media":6855,"comment_status":"closed","ping_status":"closed","template":"","meta":{"inline_featured_image":false},"product_brand":[],"product_cat":[15,35],"product_tag":[],"class_list":{"0":"post-6842","1":"product","2":"type-product","3":"status-publish","4":"has-post-thumbnail","6":"product_cat-uncategorized","7":"product_cat-fun","9":"first","10":"instock","11":"sale","12":"taxable","13":"shipping-taxable","14":"purchasable","15":"product-type-simple"},"acf":[],"_links":{"self":[{"href":"https:\/\/non-stopshop.eu\/hu\/wp-json\/wp\/v2\/product\/6842","targetHints":{"allow":["GET"]}}],"collection":[{"href":"https:\/\/non-stopshop.eu\/hu\/wp-json\/wp\/v2\/product"}],"about":[{"href":"https:\/\/non-stopshop.eu\/hu\/wp-json\/wp\/v2\/types\/product"}],"replies":[{"embeddable":true,"href":"https:\/\/non-stopshop.eu\/hu\/wp-json\/wp\/v2\/comments?post=6842"}],"wp:featuredmedia":[{"embeddable":true,"href":"https:\/\/non-stopshop.eu\/hu\/wp-json\/wp\/v2\/media\/6855"}],"wp:attachment":[{"href":"https:\/\/non-stopshop.eu\/hu\/wp-json\/wp\/v2\/media?parent=6842"}],"wp:term":[{"taxonomy":"product_brand","embeddable":true,"href":"https:\/\/non-stopshop.eu\/hu\/wp-json\/wp\/v2\/product_brand?post=6842"},{"taxonomy":"product_cat","embeddable":true,"href":"https:\/\/non-stopshop.eu\/hu\/wp-json\/wp\/v2\/product_cat?post=6842"},{"taxonomy":"product_tag","embeddable":true,"href":"https:\/\/non-stopshop.eu\/hu\/wp-json\/wp\/v2\/product_tag?post=6842"}],"curies":[{"name":"wp","href":"https:\/\/api.w.org\/{rel}","templated":true}]}}