{"id":6878,"date":"2023-02-27T10:23:35","date_gmt":"2023-02-27T09:23:35","guid":{"rendered":"https:\/\/non-stopshop.eu\/hu\/?post_type=product&#038;p=6878"},"modified":"2023-02-27T10:33:58","modified_gmt":"2023-02-27T09:33:58","slug":"meleg-labbeli-csecsemoknek-es-gyerekeknek","status":"publish","type":"product","link":"https:\/\/non-stopshop.eu\/hu\/termek\/meleg-labbeli-csecsemoknek-es-gyerekeknek\/","title":{"rendered":"Meleg l\u00e1bbeli csecsem\u0151knek \u00e9s gyerekeknek"},"content":{"rendered":"","protected":false},"excerpt":{"rendered":"<p id=\"tw-target-text\" class=\"tw-data-text tw-text-large tw-ta\" dir=\"ltr\" data-placeholder=\"Prijevod\">Ez a csecsem\u0151k \u00e9s gyermekek sz\u00e1m\u00e1ra gy\u00e1rtott k\u00e9nyelmes \u00e9s puha mamusz maxim\u00e1lis k\u00e9nyelmet \u00e9s meleget biztos\u00edt kis l\u00e1baiknak. A kiv\u00e1l\u00f3 min\u0151s\u00e9g\u0171 anyagok \u00e9s a gy\u00f6ny\u00f6r\u0171 megjelen\u00e9s minden \u00f6lt\u00f6z\u00e9ket k\u00e9pes kieg\u00e9sz\u00edteni.<\/p>\n","protected":false},"featured_media":6879,"comment_status":"closed","ping_status":"closed","template":"","meta":{"inline_featured_image":false},"product_brand":[],"product_cat":[15,28,26],"product_tag":[],"class_list":{"0":"post-6878","1":"product","2":"type-product","3":"status-publish","4":"has-post-thumbnail","6":"product_cat-uncategorized","7":"product_cat-beauty","8":"product_cat-health","10":"first","11":"instock","12":"sale","13":"taxable","14":"shipping-taxable","15":"purchasable","16":"product-type-simple"},"acf":[],"_links":{"self":[{"href":"https:\/\/non-stopshop.eu\/hu\/wp-json\/wp\/v2\/product\/6878","targetHints":{"allow":["GET"]}}],"collection":[{"href":"https:\/\/non-stopshop.eu\/hu\/wp-json\/wp\/v2\/product"}],"about":[{"href":"https:\/\/non-stopshop.eu\/hu\/wp-json\/wp\/v2\/types\/product"}],"replies":[{"embeddable":true,"href":"https:\/\/non-stopshop.eu\/hu\/wp-json\/wp\/v2\/comments?post=6878"}],"wp:featuredmedia":[{"embeddable":true,"href":"https:\/\/non-stopshop.eu\/hu\/wp-json\/wp\/v2\/media\/6879"}],"wp:attachment":[{"href":"https:\/\/non-stopshop.eu\/hu\/wp-json\/wp\/v2\/media?parent=6878"}],"wp:term":[{"taxonomy":"product_brand","embeddable":true,"href":"https:\/\/non-stopshop.eu\/hu\/wp-json\/wp\/v2\/product_brand?post=6878"},{"taxonomy":"product_cat","embeddable":true,"href":"https:\/\/non-stopshop.eu\/hu\/wp-json\/wp\/v2\/product_cat?post=6878"},{"taxonomy":"product_tag","embeddable":true,"href":"https:\/\/non-stopshop.eu\/hu\/wp-json\/wp\/v2\/product_tag?post=6878"}],"curies":[{"name":"wp","href":"https:\/\/api.w.org\/{rel}","templated":true}]}}