{"id":6941,"date":"2023-03-01T13:20:34","date_gmt":"2023-03-01T12:20:34","guid":{"rendered":"https:\/\/non-stopshop.eu\/hu\/?post_type=product&#038;p=6941"},"modified":"2023-05-05T15:21:04","modified_gmt":"2023-05-05T13:21:04","slug":"mobil-merevlemez-16tb","status":"publish","type":"product","link":"https:\/\/non-stopshop.eu\/hu\/termek\/mobil-merevlemez-16tb\/","title":{"rendered":"Mobil merevlemez 16TB"},"content":{"rendered":"","protected":false},"excerpt":{"rendered":"<p id=\"tw-target-text\" class=\"tw-data-text tw-text-large tw-ta\" dir=\"ltr\" data-placeholder=\"Prijevod\">C t\u00edpus\u00fa k\u00e1bellel ell\u00e1tott k\u00fcls\u0151 SSD merevlemez, amely ide\u00e1lis megold\u00e1s az adatt\u00e1rol\u00e1sra. Kiv\u00e1l\u00f3 kialak\u00edt\u00e1s \u00e9s k\u00f6rnyezetbar\u00e1t term\u00e9k 16 TB kapacit\u00e1ssal.<\/p>\n","protected":false},"featured_media":6954,"comment_status":"closed","ping_status":"closed","template":"","meta":{"inline_featured_image":false},"product_brand":[],"product_cat":[15,25,27],"product_tag":[],"class_list":{"0":"post-6941","1":"product","2":"type-product","3":"status-publish","4":"has-post-thumbnail","6":"product_cat-uncategorized","7":"product_cat-car","8":"product_cat-home","10":"first","11":"instock","12":"sale","13":"taxable","14":"shipping-taxable","15":"purchasable","16":"product-type-simple"},"acf":[],"_links":{"self":[{"href":"https:\/\/non-stopshop.eu\/hu\/wp-json\/wp\/v2\/product\/6941","targetHints":{"allow":["GET"]}}],"collection":[{"href":"https:\/\/non-stopshop.eu\/hu\/wp-json\/wp\/v2\/product"}],"about":[{"href":"https:\/\/non-stopshop.eu\/hu\/wp-json\/wp\/v2\/types\/product"}],"replies":[{"embeddable":true,"href":"https:\/\/non-stopshop.eu\/hu\/wp-json\/wp\/v2\/comments?post=6941"}],"wp:featuredmedia":[{"embeddable":true,"href":"https:\/\/non-stopshop.eu\/hu\/wp-json\/wp\/v2\/media\/6954"}],"wp:attachment":[{"href":"https:\/\/non-stopshop.eu\/hu\/wp-json\/wp\/v2\/media?parent=6941"}],"wp:term":[{"taxonomy":"product_brand","embeddable":true,"href":"https:\/\/non-stopshop.eu\/hu\/wp-json\/wp\/v2\/product_brand?post=6941"},{"taxonomy":"product_cat","embeddable":true,"href":"https:\/\/non-stopshop.eu\/hu\/wp-json\/wp\/v2\/product_cat?post=6941"},{"taxonomy":"product_tag","embeddable":true,"href":"https:\/\/non-stopshop.eu\/hu\/wp-json\/wp\/v2\/product_tag?post=6941"}],"curies":[{"name":"wp","href":"https:\/\/api.w.org\/{rel}","templated":true}]}}