{"id":7150,"date":"2023-03-13T08:35:08","date_gmt":"2023-03-13T07:35:08","guid":{"rendered":"https:\/\/non-stopshop.eu\/hu\/?post_type=product&#038;p=7150"},"modified":"2023-03-21T09:29:51","modified_gmt":"2023-03-21T08:29:51","slug":"ellenorzoeszkoz-gepjarmu-relekhez","status":"publish","type":"product","link":"https:\/\/non-stopshop.eu\/hu\/termek\/ellenorzoeszkoz-gepjarmu-relekhez\/","title":{"rendered":"Ellen\u0151rz\u0151eszk\u00f6z g\u00e9pj\u00e1rm\u00fa rel\u00e9khez"},"content":{"rendered":"","protected":false},"excerpt":{"rendered":"<p id=\"tw-target-text\" class=\"tw-data-text tw-text-large tw-ta\" dir=\"ltr\" data-placeholder=\"Prijevod\">A kompakt \u00e9s praktikus g\u00e9pj\u00e1rm\u00fa rel\u00e9 teszter egy nagyszer\u0171 dolog, ami j\u00f3 ha mindig k\u00e9zn\u00e9l van aut\u00f3j\u00e1ban.<\/p>\n","protected":false},"featured_media":7159,"comment_status":"closed","ping_status":"closed","template":"","meta":{"inline_featured_image":false},"product_brand":[],"product_cat":[15,25],"product_tag":[],"class_list":{"0":"post-7150","1":"product","2":"type-product","3":"status-publish","4":"has-post-thumbnail","6":"product_cat-uncategorized","7":"product_cat-car","9":"first","10":"instock","11":"sale","12":"taxable","13":"shipping-taxable","14":"purchasable","15":"product-type-simple"},"acf":[],"_links":{"self":[{"href":"https:\/\/non-stopshop.eu\/hu\/wp-json\/wp\/v2\/product\/7150","targetHints":{"allow":["GET"]}}],"collection":[{"href":"https:\/\/non-stopshop.eu\/hu\/wp-json\/wp\/v2\/product"}],"about":[{"href":"https:\/\/non-stopshop.eu\/hu\/wp-json\/wp\/v2\/types\/product"}],"replies":[{"embeddable":true,"href":"https:\/\/non-stopshop.eu\/hu\/wp-json\/wp\/v2\/comments?post=7150"}],"wp:featuredmedia":[{"embeddable":true,"href":"https:\/\/non-stopshop.eu\/hu\/wp-json\/wp\/v2\/media\/7159"}],"wp:attachment":[{"href":"https:\/\/non-stopshop.eu\/hu\/wp-json\/wp\/v2\/media?parent=7150"}],"wp:term":[{"taxonomy":"product_brand","embeddable":true,"href":"https:\/\/non-stopshop.eu\/hu\/wp-json\/wp\/v2\/product_brand?post=7150"},{"taxonomy":"product_cat","embeddable":true,"href":"https:\/\/non-stopshop.eu\/hu\/wp-json\/wp\/v2\/product_cat?post=7150"},{"taxonomy":"product_tag","embeddable":true,"href":"https:\/\/non-stopshop.eu\/hu\/wp-json\/wp\/v2\/product_tag?post=7150"}],"curies":[{"name":"wp","href":"https:\/\/api.w.org\/{rel}","templated":true}]}}