{"id":7749,"date":"2023-06-29T10:14:41","date_gmt":"2023-06-29T08:14:41","guid":{"rendered":"https:\/\/non-stopshop.eu\/hu\/?post_type=product&#038;p=7749"},"modified":"2023-07-19T09:58:51","modified_gmt":"2023-07-19T07:58:51","slug":"szappan-az-osz-haj-sotetitesere","status":"publish","type":"product","link":"https:\/\/non-stopshop.eu\/hu\/termek\/szappan-az-osz-haj-sotetitesere\/","title":{"rendered":"Szappan az \u0151sz haj s\u00f6t\u00e9t\u00edt\u00e9s\u00e9re"},"content":{"rendered":"","protected":false},"excerpt":{"rendered":"<p>Ezzel a hat\u00e9kony szappannal fokozatosan szabadulj meg az \u0151sz sz\u0151rsz\u00e1lakt\u00f3l. Egyszer\u0171 \u00e9s k\u00f6nny\u0171 \u2013 mint a samponoz\u00e1s!<\/p>\n","protected":false},"featured_media":7750,"comment_status":"closed","ping_status":"closed","template":"","meta":{"inline_featured_image":false},"product_brand":[],"product_cat":[15,28],"product_tag":[],"class_list":{"0":"post-7749","1":"product","2":"type-product","3":"status-publish","4":"has-post-thumbnail","6":"product_cat-uncategorized","7":"product_cat-beauty","9":"first","10":"instock","11":"sale","12":"taxable","13":"shipping-taxable","14":"purchasable","15":"product-type-simple"},"acf":[],"_links":{"self":[{"href":"https:\/\/non-stopshop.eu\/hu\/wp-json\/wp\/v2\/product\/7749","targetHints":{"allow":["GET"]}}],"collection":[{"href":"https:\/\/non-stopshop.eu\/hu\/wp-json\/wp\/v2\/product"}],"about":[{"href":"https:\/\/non-stopshop.eu\/hu\/wp-json\/wp\/v2\/types\/product"}],"replies":[{"embeddable":true,"href":"https:\/\/non-stopshop.eu\/hu\/wp-json\/wp\/v2\/comments?post=7749"}],"wp:featuredmedia":[{"embeddable":true,"href":"https:\/\/non-stopshop.eu\/hu\/wp-json\/wp\/v2\/media\/7750"}],"wp:attachment":[{"href":"https:\/\/non-stopshop.eu\/hu\/wp-json\/wp\/v2\/media?parent=7749"}],"wp:term":[{"taxonomy":"product_brand","embeddable":true,"href":"https:\/\/non-stopshop.eu\/hu\/wp-json\/wp\/v2\/product_brand?post=7749"},{"taxonomy":"product_cat","embeddable":true,"href":"https:\/\/non-stopshop.eu\/hu\/wp-json\/wp\/v2\/product_cat?post=7749"},{"taxonomy":"product_tag","embeddable":true,"href":"https:\/\/non-stopshop.eu\/hu\/wp-json\/wp\/v2\/product_tag?post=7749"}],"curies":[{"name":"wp","href":"https:\/\/api.w.org\/{rel}","templated":true}]}}